{"id":1481,"date":"2021-01-29T15:55:28","date_gmt":"2021-01-29T14:55:28","guid":{"rendered":"https:\/\/www.9dk.de\/playground\/sana2\/mami\/"},"modified":"2026-03-09T13:47:05","modified_gmt":"2026-03-09T12:47:05","slug":"mommies","status":"publish","type":"page","link":"https:\/\/sana-beaute.de\/en\/mommies\/","title":{"rendered":"Mommies"},"content":{"rendered":"[vc_row full_width=&#8221;stretch_row_content_no_spaces&#8221;][vc_column css=&#8221;.vc_custom_1613400571248{margin-top: 20px !important;}&#8221;]<div class=\"vcex-module vcex-image-banner wpex-relative wpex-overflow-hidden wpex-max-w-100 wpex-bg-gray-900 wpex-text-white wpex-float-center wpex-text-center _header-banner-9dk\"  style=\"width:1920px;\"><span class=\"vcex-ib-img wpex-block wpex-z-1 wpex-transition-all wpex-duration-500 wpex-bg-cover wpex-absolute wpex-inset-0\" style=\"background-image:url(https:\/\/sana-beaute.de\/wp-content\/uploads\/2021\/02\/beauty-spa-muenchen-schwabing-fuer-muetter.jpg);background-position:center center;\"><\/span><div class=\"vcex-ib-overlay wpex-absolute wpex-z-5 wpex-inset-0 wpex-transition-all wpex-duration-500\"><div class=\"vcex-ib-overlay-bg wpex-absolute wpex-inset-0 wpex-bg-black wpex-opacity-30\" style=\"background:#020202;opacity:.35;\"><\/div><\/div><div class=\"vcex-ib-content-wrap wpex-z-10 wpex-w-100 wpex-transition-all wpex-duration-500 wpex-relative wpex-clr\"><div class=\"vcex-ib-content wpex-mx-auto wpex-clr\"><div class=\"vcex-ib-title wpex-heading wpex-inherit-color-important\">Mommies &amp; Co<\/div><div class=\"vcex-ib-caption wpex-text-lg wpex-last-mb-0\">Pregnant women, mothers and children<\/div><\/div><\/div><\/div>[\/vc_column][\/vc_row][vc_row][vc_column width=&#8221;1\/2&#8243;]<div class=\"vcex-module vcex-heading wpex-text-2xl wpex-font-normal wpex-m-auto wpex-max-w-100 vcex-heading-plain wpex-block wpex-mb-25 wpex-text-left\" style=\"color:#a07942;line-height:130%;\"><span class=\"vcex-heading-inner wpex-inline-block wpex-clr\">PREGNANT WOMEN &amp; MOTHERS<\/span><\/div>[vc_column_text]For expectant and new mothers, we offer targeted treatments that address the specific needs of the skin and body during pregnancy and breastfeeding.<br \/>\nIn this way, we support you in feeling comfortable during pregnancy and in harmony with your body change. We will be happy to advise you on products to treat stretch marks, tighten the tissue or particularly moisturizing care products.<br \/>\nIf you can no longer lie on your stomach, we recommend individual facial treatments or full body massages on our unique Wavebalance\u00ae Waterbed, where you can enjoy weightlessness.[\/vc_column_text][\/vc_column][vc_column width=&#8221;1\/2&#8243;][vc_single_image image=&#8221;1428&#8243;][\/vc_column][\/vc_row][vc_row][vc_column width=&#8221;1\/3&#8243;]<div class=\"vcex-module vcex-pricing vcex-pricing-style-alt-1 wpex-leading-normal wpex-bg-white wpex-p-40 wpex-text-center wpex-border-solid wpex-border wpex-border-gray-300 wpex-last-mb-0\"><div class=\"vcex-pricing-plan vcex-pricing-header wpex-font-medium wpex-text-3xl wpex-text-gray-900\" style=\"background:#ffffff;color:#9c7b38;text-transform:none;font-family:Gilda Display local;\">Pampering package for the ninth month<\/div><div class=\"vcex-pricing-cost wpex-text-accent wpex-text-2xl wpex-font-medium wpex-mt-5 wpex-mb-20 wpex-leading-normal\" style=\"background:#ffffff;font-family:Open Sans local;\"><span class=\"vcex-pricing-ammount\" style=\"color:#000000;font-size:18px;\">135 MIN | 249\u20ac (YOU SAVE 22 \u20ac)<\/span><\/div><div class=\"vcex-pricing-content wpex-clr wpex-my-20\">Five flower facial (50 MIN), Yin full body massage on Wavebalance\u00ae waterbed (50 MIN) and Brazilian Hollywood Waxing.<\/div><\/div>[\/vc_column][vc_column width=&#8221;1\/3&#8243;]<div class=\"vcex-module vcex-pricing vcex-pricing-style-alt-1 wpex-leading-normal wpex-bg-white wpex-p-40 wpex-text-center wpex-border-solid wpex-border wpex-border-gray-300 wpex-last-mb-0\"><div class=\"vcex-pricing-plan vcex-pricing-header wpex-font-medium wpex-text-3xl wpex-text-gray-900\" style=\"background:#ffffff;color:#9c7b38;text-transform:none;font-family:Gilda Display local;\">For pregnant woman and young mothers<\/div><div class=\"vcex-pricing-cost wpex-text-accent wpex-text-2xl wpex-font-medium wpex-mt-5 wpex-mb-20 wpex-leading-normal\" style=\"background:#ffffff;font-family:Open Sans local;\"><span class=\"vcex-pricing-ammount\" style=\"color:#000000;font-size:18px;\">6\u00d745 MIN | 424\u20ac 6\u00d760 MIN | 636\u20ac<\/span><\/div><div class=\"vcex-pricing-content wpex-clr wpex-my-20\">Soothing, relaxing massages for the back muscles, which are particularly stressed during pregnancy, in 6 sessions. Or Prenatal full body massage<\/div><\/div>[\/vc_column][vc_column width=&#8221;1\/3&#8243;]<div class=\"vcex-module vcex-pricing vcex-pricing-style-alt-1 wpex-leading-normal wpex-bg-white wpex-p-40 wpex-text-center wpex-border-solid wpex-border wpex-border-gray-300 wpex-last-mb-0\"><div class=\"vcex-pricing-plan vcex-pricing-header wpex-font-medium wpex-text-3xl wpex-text-gray-900\" style=\"background:#ffffff;color:#9c7b38;text-transform:none;font-family:Gilda Display local;\">Prenatal full body massage<\/div><div class=\"vcex-pricing-cost wpex-text-accent wpex-text-2xl wpex-font-medium wpex-mt-5 wpex-mb-20 wpex-leading-normal\" style=\"background:#ffffff;font-family:Open Sans local;\"><span class=\"vcex-pricing-ammount\" style=\"color:#000000;font-size:18px;\">60 MIN | 120\u20ac<\/span><\/div><div class=\"vcex-pricing-content wpex-clr wpex-my-20\">This prenatal massage will allow to relieve all the muscular tensions , to promote good blood and lymphatic circulation, to alleviate the symptom of restless legs, to relieve heavy legs, to strengthen the elasticity of the skin in order to significantly reduce the appearance of stretch marks. It stimulates the immune system and strengthens the vital energy.\u00a0The release of the hormones of well-being will have a de-stressing effect and will support the quality of the sleep. The decrease in the secretion of stress hormones will promote positive thoughts and the proper growth of the baby.<\/div><\/div>[\/vc_column][\/vc_row][vc_row][vc_column width=&#8221;1\/3&#8243;]<div class=\"vcex-module vcex-pricing vcex-pricing-style-alt-1 wpex-leading-normal wpex-bg-white wpex-p-40 wpex-text-center wpex-border-solid wpex-border wpex-border-gray-300 wpex-last-mb-0\"><div class=\"vcex-pricing-plan vcex-pricing-header wpex-font-medium wpex-text-3xl wpex-text-gray-900\" style=\"background:#ffffff;color:#9c7b38;text-transform:none;font-family:Gilda Display local;\">Postnatal full body massage<\/div><div class=\"vcex-pricing-cost wpex-text-accent wpex-text-2xl wpex-font-medium wpex-mt-5 wpex-mb-20 wpex-leading-normal\" style=\"background:#ffffff;font-family:Open Sans local;\"><span class=\"vcex-pricing-ammount\" style=\"color:#000000;font-size:18px;\">75 MIN | 129 \u20ac<\/span><\/div><div class=\"vcex-pricing-content wpex-clr wpex-my-20\">It allows a complete rebalancing of the body, relieves tension, often located in the upper back and boosts blood circulation which is not optimal in postpartum. It reduces stress, physical, psychological and emotional tiredness in order to prevent postpartum depression. It helps to rebalance in your body more easily, and take time for yourself.<\/div><\/div>[\/vc_column][vc_column width=&#8221;1\/3&#8243;]<div class=\"vcex-module vcex-pricing vcex-pricing-style-alt-1 wpex-leading-normal wpex-bg-white wpex-p-40 wpex-text-center wpex-border-solid wpex-border wpex-border-gray-300 wpex-last-mb-0\"><div class=\"vcex-pricing-plan vcex-pricing-header wpex-font-medium wpex-text-3xl wpex-text-gray-900\" style=\"background:#ffffff;color:#9c7b38;text-transform:none;font-family:Gilda Display local;\">YIN full body massage on the Wavebalance\u00ae Water Lounger<\/div><div class=\"vcex-pricing-cost wpex-text-accent wpex-text-2xl wpex-font-medium wpex-mt-5 wpex-mb-20 wpex-leading-normal\" style=\"background:#ffffff;font-family:Open Sans local;\"><span class=\"vcex-pricing-ammount\" style=\"color:#000000;font-size:18px;\">60 \/ 90 \/ 120 MIN | 125 \/145 \/ 175 \u20ac<\/span><\/div><div class=\"vcex-pricing-content wpex-clr wpex-my-20\">Die einzigartige Erfahrung harmonisch-flie\u00dfender Ber\u00fchrungskunst: Ihr gesamter K\u00f6rper wird im Rhythmus der Wellen gelockert und mit warmem, duftendem Bio-\u00d6l am ganzen K\u00f6rper massiert. Dabei k\u00f6nnen sich selbst tiefste Verspannungen l\u00f6sen und geben der Entspannung Platz.<\/div><\/div>[\/vc_column][vc_column width=&#8221;1\/3&#8243;]<div class=\"vcex-module vcex-pricing vcex-pricing-style-alt-1 wpex-leading-normal wpex-bg-white wpex-p-40 wpex-text-center wpex-border-solid wpex-border wpex-border-gray-300 wpex-last-mb-0\"><div class=\"vcex-pricing-plan vcex-pricing-header wpex-font-medium wpex-text-3xl wpex-text-gray-900\" style=\"background:#ffffff;color:#9c7b38;text-transform:none;font-family:Gilda Display local;\">Preventive Lymphdrainage<\/div><div class=\"vcex-pricing-cost wpex-text-accent wpex-text-2xl wpex-font-medium wpex-mt-5 wpex-mb-20 wpex-leading-normal\" style=\"background:#ffffff;font-family:Open Sans local;\"><span class=\"vcex-pricing-ammount\" style=\"color:#000000;font-size:18px;\">60 MIN | 120 \u20ac 90 MIN | 145\u20ac<\/span><\/div><div class=\"vcex-pricing-content wpex-clr wpex-my-20\">Gentle, anti-inflammatory and effective. This is a manual, preventive lymphatic drainage to support the natural cleansing process of our body. This is a full-body application that promotes relaxation and decongestion of the body.<\/div><\/div>[\/vc_column][\/vc_row][vc_row][vc_column]<div class=\"vcex-module vcex-pricing vcex-pricing-style-alt-1 wpex-leading-normal wpex-bg-white wpex-p-40 wpex-text-center wpex-border-solid wpex-border wpex-border-gray-300 wpex-last-mb-0\"><div class=\"vcex-pricing-plan vcex-pricing-header wpex-font-medium wpex-text-3xl wpex-text-gray-900\" style=\"background:#ffffff;color:#9c7b38;text-transform:none;font-family:Gilda Display local;\">Children (6-14 years)<\/div><div class=\"vcex-pricing-content wpex-clr wpex-my-20\">Children have a growing need, on the one hand, to take proper care of their skin and, on the other hand, to counteract the increasingly sedentary society by building up their muscles in time and, at the same time, to relieve their muscles of tension caused by carrying the school bag alone.<\/p>\n<p style=\"text-align: center\"><strong>Connoisseur facial<\/strong> <strong>25 MIN \/ 40\u20ac<\/strong><\/p>\n<p style=\"text-align: center\">Facial cleansing, nourishing mask, facial massage, final care with lip balm.<\/p>\n<p style=\"text-align: center\"><strong>The peace of princes and princesses<\/strong> <strong>30 MIN \/ 65\u20ac<\/strong><\/p>\n<p style=\"text-align: center\">Soothing neck-back massage, including arm and leg massage.<\/p>\n<p style=\"text-align: center\"><strong>Gentle dreams<\/strong> <strong>25 MIN \/ 45\u20ac<\/strong><\/p>\n<p style=\"text-align: center\">Head, neck and shoulder Massage.<\/p>\n<\/div><\/div>[\/vc_column][\/vc_row][vc_row][vc_column][\/vc_column][\/vc_row][vc_row][vc_column]<div class=\"templatera_shortcode\"><div class=\"vc_row wpb_row vc_row-fluid vc_custom_1613397672798 wpex-has-overlay\"><div class=\"wpb_column vc_column_container vc_col-sm-8\"><div class=\"vc_column-inner\"><div class=\"wpb_wrapper\">\n\t<div class=\"wpb_text_column wpb_content_element \" >\n\t\t<div class=\"wpb_wrapper\">\n\t\t\t<h2 style=\"font-size: 1.846em;\">Vouchers &amp; Subscriptions<\/h2>\n\n\t\t<\/div>\n\t<\/div>\n\n\t<div class=\"wpb_text_column wpb_content_element \" >\n\t\t<div class=\"wpb_wrapper\">\n\t\t\t<h3><em>Regularity makes the difference<\/em><\/h3>\n\n\t\t<\/div>\n\t<\/div>\n\n\t<div class=\"wpb_text_column wpb_content_element  vc_custom_1621948582919\" >\n\t\t<div class=\"wpb_wrapper\">\n\t\t\t<p>Vouchers as a gift for your beloved ones &amp; subscriptions as a gift for yourself : )<\/p>\n\n\t\t<\/div>\n\t<\/div>\n\n\t<div class=\"wpb_text_column wpb_content_element  vc_custom_1621948617935\" >\n\t\t<div class=\"wpb_wrapper\">\n\t\t\t<p><a class=\"vcex-button theme-button inline\" href=\"vouchers-and-subscriptions\"><span class=\"theme-button-inner\">Vouchers &amp; Subscriptions<\/span><\/a><\/p>\n\n\t\t<\/div>\n\t<\/div>\n<\/div><\/div><\/div><div class=\"wpb_column vc_column_container vc_col-sm-4\"><div class=\"vc_column-inner\"><div class=\"wpb_wrapper\">\n\t<div  class=\"wpb_single_image wpb_content_element vc_align_\">\n\t\t\n\t\t<figure class=\"wpb_wrapper vc_figure\">\n\t\t\t<div class=\"vc_single_image-wrapper   vc_box_border_grey\"><img loading=\"lazy\" decoding=\"async\" width=\"512\" height=\"768\" src=\"https:\/\/sana-beaute.de\/wp-content\/uploads\/2021\/05\/abonnement-massage-beauty-muenchen.jpg\" class=\"vc_single_image-img attachment-full\" alt=\"\" \/><\/div>\n\t\t<\/figure>\n\t<\/div>\n<\/div><\/div><\/div><div class=\"wpex-bg-overlay-wrap\"><span class=\"wpex-bg-overlay color\" style=\"background-color:#deefe6;\" data-style=\"background-color:#deefe6;\"><\/span><\/div><\/div><\/div>[\/vc_column][\/vc_row][vc_row][vc_column]<div class=\"templatera_shortcode\"><div class=\"vc_row wpb_row vc_row-fluid vc_custom_1611074634845 wpex-has-overlay\"><div class=\"wpb_column vc_column_container vc_col-sm-12\"><div class=\"vc_column-inner\"><div class=\"wpb_wrapper\">\n\t<div class=\"wpb_text_column wpb_content_element  vc_custom_1621948659506\" >\n\t\t<div class=\"wpb_wrapper\">\n\t\t\t<h2 style=\"font-size: 1.846em;\">Here are monthly offers and promotions<\/h2>\n\n\t\t<\/div>\n\t<\/div>\n\n\t<div class=\"wpb_text_column wpb_content_element \" >\n\t\t<div class=\"wpb_wrapper\">\n\t\t\t<p>We send out our community letter monthly so that you can benefit regularly from promotions.<\/p>\n\n\t\t<\/div>\n\t<\/div>\n\n\t<div class=\"wpb_text_column wpb_content_element  vc_custom_1621948683887\" >\n\t\t<div class=\"wpb_wrapper\">\n\t\t\t<p>We appreciate your trust in us and promise not to share your information with third parties.<\/p>\n\n\t\t<\/div>\n\t<\/div>\n\n<div class=\"wpcf7 no-js\" id=\"wpcf7-f1434-o1\" lang=\"de-DE\" dir=\"ltr\" data-wpcf7-id=\"1434\">\n<div class=\"screen-reader-response\"><p role=\"status\" aria-live=\"polite\" aria-atomic=\"true\"><\/p> <ul><\/ul><\/div>\n<form action=\"\/en\/wp-json\/wp\/v2\/pages\/1481#wpcf7-f1434-o1\" method=\"post\" class=\"wpcf7-form init\" aria-label=\"Kontaktformular\" novalidate=\"novalidate\" data-status=\"init\">\n<fieldset class=\"hidden-fields-container\"><input type=\"hidden\" name=\"_wpcf7\" value=\"1434\" \/><input type=\"hidden\" name=\"_wpcf7_version\" value=\"6.1.5\" \/><input type=\"hidden\" name=\"_wpcf7_locale\" value=\"de_DE\" \/><input type=\"hidden\" name=\"_wpcf7_unit_tag\" value=\"wpcf7-f1434-o1\" \/><input type=\"hidden\" name=\"_wpcf7_container_post\" value=\"0\" \/><input type=\"hidden\" name=\"_wpcf7_posted_data_hash\" value=\"\" \/>\n<\/fieldset>\n<style>.noborder {border: none; padding: 0;}\n<\/style>\n<table>\n\t<tr>\n\t\t<td class=\"noborder\">\n\t\t\t<p><label>Ihr Name<\/label>\n\t\t\t<\/p>\n\t\t<\/td>\n\t\t<td class=\"noborder\">\n\t\t\t<p><span class=\"wpcf7-form-control-wrap\" data-name=\"your-name\"><input size=\"40\" maxlength=\"400\" class=\"wpcf7-form-control wpcf7-text wpcf7-validates-as-required\" aria-required=\"true\" aria-invalid=\"false\" value=\"\" type=\"text\" name=\"your-name\" \/><\/span>\n\t\t\t<\/p>\n\t\t<\/td>\n\t<\/tr>\n\t<tr>\n\t\t<td class=\"noborder\">\n\t\t\t<p><label>Your email address<\/label>\n\t\t\t<\/p>\n\t\t<\/td>\n\t\t<td class=\"noborder\">\n\t\t\t<p><span class=\"wpcf7-form-control-wrap\" data-name=\"your-email\"><input size=\"40\" maxlength=\"400\" class=\"wpcf7-form-control wpcf7-email wpcf7-validates-as-required wpcf7-text wpcf7-validates-as-email\" aria-required=\"true\" aria-invalid=\"false\" value=\"\" type=\"email\" name=\"your-email\" \/><\/span>\n\t\t\t<\/p>\n\t\t<\/td>\n\t<\/tr>\n<\/table>\n<p><span class=\"wpcf7-form-control-wrap\" data-name=\"acceptance-441\"><span class=\"wpcf7-form-control wpcf7-acceptance\"><span class=\"wpcf7-list-item\"><label><input type=\"checkbox\" name=\"acceptance-441\" value=\"1\" aria-invalid=\"false\" \/><span class=\"wpcf7-list-item-label\"><a href=\"#datenschutz\">Privacy policy<\/a> akzeptiert<\/span><\/label><\/span><\/span><\/span>\n<\/p>\n<div style=\"margin-top: 10px;\">\n\t<p><input class=\"wpcf7-form-control wpcf7-submit has-spinner\" type=\"submit\" value=\"Yes, I want to be involved too!\" \/>\n\t<\/p>\n<\/div><div class=\"wpcf7-response-output\" aria-hidden=\"true\"><\/div>\n<\/form>\n<\/div>\n<\/div><\/div><\/div><div class=\"wpex-bg-overlay-wrap\"><span class=\"wpex-bg-overlay color\" style=\"background-color:#deeaf4;\" data-style=\"background-color:#deeaf4;\"><\/span><\/div><\/div><\/div>[\/vc_column][\/vc_row][vc_row][vc_column]<div class=\"templatera_shortcode\"><div class=\"vc_row wpb_row vc_row-fluid\"><div class=\"wpb_column vc_column_container vc_col-sm-12\"><div class=\"vc_column-inner\"><div class=\"wpb_wrapper\"><div class=\"theme-heading border-w-color vcex-module-heading vcex_image_carousel-heading\"><span class=\"text\">Among other products we carry<\/span><\/div><div class=\"vcex-module wpex-carousel wpex-carousel-images wpex-clr owl-carousel\" data-wpex-carousel=\"{&quot;nav&quot;:false,&quot;dots&quot;:true,&quot;autoplay&quot;:true,&quot;loop&quot;:true,&quot;center&quot;:false,&quot;smartSpeed&quot;:250,&quot;items&quot;:4,&quot;slideBy&quot;:1,&quot;autoplayTimeout&quot;:5000,&quot;margin&quot;:15,&quot;itemsTablet&quot;:3,&quot;itemsMobileLandscape&quot;:2,&quot;itemsMobilePortrait&quot;:1,&quot;autoWidth&quot;:false,&quot;autoHeight&quot;:false}\"><div class=\"wpex-carousel-slide\"><figure class=\"wpex-carousel-entry-media entry-media\"><img loading=\"lazy\" decoding=\"async\" data-no-lazy=\"1\" class=\"wpex-align-middle skip-lazy\" src=\"https:\/\/sana-beaute.de\/wp-content\/uploads\/2021\/02\/biovive-muenchen-500.jpg\" alt=\"\" width=\"500\" height=\"500\" \/><\/figure><\/div><div class=\"wpex-carousel-slide\"><figure class=\"wpex-carousel-entry-media entry-media\"><img loading=\"lazy\" decoding=\"async\" data-no-lazy=\"1\" class=\"wpex-align-middle skip-lazy\" src=\"https:\/\/sana-beaute.de\/wp-content\/uploads\/2021\/02\/cinques-mondes-muenchen.jpg\" alt=\"\" width=\"500\" height=\"500\" \/><\/figure><\/div><div class=\"wpex-carousel-slide\"><figure class=\"wpex-carousel-entry-media entry-media\"><img loading=\"lazy\" decoding=\"async\" data-no-lazy=\"1\" class=\"wpex-align-middle skip-lazy\" src=\"https:\/\/sana-beaute.de\/wp-content\/uploads\/2021\/02\/mesoestetic-muenchen.jpg\" alt=\"\" width=\"500\" height=\"500\" \/><\/figure><\/div><div class=\"wpex-carousel-slide\"><figure class=\"wpex-carousel-entry-media entry-media\"><img loading=\"lazy\" decoding=\"async\" data-no-lazy=\"1\" class=\"wpex-align-middle skip-lazy\" src=\"https:\/\/sana-beaute.de\/wp-content\/uploads\/2021\/02\/nougatine-paris-muenchen.jpg\" alt=\"\" width=\"500\" height=\"500\" \/><\/figure><\/div><div class=\"wpex-carousel-slide\"><figure class=\"wpex-carousel-entry-media entry-media\"><img loading=\"lazy\" decoding=\"async\" data-no-lazy=\"1\" class=\"wpex-align-middle skip-lazy\" src=\"https:\/\/sana-beaute.de\/wp-content\/uploads\/2021\/02\/perron-rigot-muenchen-1.jpg\" alt=\"\" width=\"500\" height=\"500\" \/><\/figure><\/div><div class=\"wpex-carousel-slide\"><figure class=\"wpex-carousel-entry-media entry-media\"><img loading=\"lazy\" decoding=\"async\" data-no-lazy=\"1\" class=\"wpex-align-middle skip-lazy\" src=\"https:\/\/sana-beaute.de\/wp-content\/uploads\/2021\/02\/sothys-muenchen-1.jpg\" alt=\"\" width=\"500\" height=\"500\" \/><\/figure><\/div><\/div><\/div><\/div><\/div><\/div><\/div>[\/vc_column][\/vc_row]\n","protected":false},"excerpt":{"rendered":"Mommies &amp; CoPregnant women, mothers and childrenPREGNANT WOMEN &amp; MOTHERS For expectant and new mothers, we offer targeted treatments that address the specific needs of the skin and body during pregnancy and breastfeeding. In this way, we support you in&hellip;","protected":false},"author":1,"featured_media":0,"parent":0,"menu_order":0,"comment_status":"closed","ping_status":"closed","template":"templates\/no-sidebar.php","meta":{"footnotes":""},"class_list":["post-1481","page","type-page","status-publish","hentry","entry","no-media"],"_links":{"self":[{"href":"https:\/\/sana-beaute.de\/en\/wp-json\/wp\/v2\/pages\/1481","targetHints":{"allow":["GET"]}}],"collection":[{"href":"https:\/\/sana-beaute.de\/en\/wp-json\/wp\/v2\/pages"}],"about":[{"href":"https:\/\/sana-beaute.de\/en\/wp-json\/wp\/v2\/types\/page"}],"author":[{"embeddable":true,"href":"https:\/\/sana-beaute.de\/en\/wp-json\/wp\/v2\/users\/1"}],"replies":[{"embeddable":true,"href":"https:\/\/sana-beaute.de\/en\/wp-json\/wp\/v2\/comments?post=1481"}],"version-history":[{"count":63,"href":"https:\/\/sana-beaute.de\/en\/wp-json\/wp\/v2\/pages\/1481\/revisions"}],"predecessor-version":[{"id":2939,"href":"https:\/\/sana-beaute.de\/en\/wp-json\/wp\/v2\/pages\/1481\/revisions\/2939"}],"wp:attachment":[{"href":"https:\/\/sana-beaute.de\/en\/wp-json\/wp\/v2\/media?parent=1481"}],"curies":[{"name":"wp","href":"https:\/\/api.w.org\/{rel}","templated":true}]}}