{"id":1798,"date":"2021-07-14T18:37:56","date_gmt":"2021-07-14T16:37:56","guid":{"rendered":"http:\/\/sana-beaute.com\/?page_id=1798"},"modified":"2025-07-08T13:10:56","modified_gmt":"2025-07-08T11:10:56","slug":"imprint","status":"publish","type":"page","link":"https:\/\/sana-beaute.de\/en\/imprint\/","title":{"rendered":"Imprint"},"content":{"rendered":"[vc_row][vc_column]<div class=\"vcex-spacing wpex-w-100 wpex-clear\" style=\"height:90px\"><\/div>[\/vc_column][\/vc_row][vc_row][vc_column][vc_column_text]\n<h1>Imprint<\/h1>\n<h2>Angaben gem\u00e4\u00df \u00a7 5 TMG<\/h2>\n<p>Saffina Bandali<br \/>\nsana beaut\u00e9 SPA<br \/>\nMarktstra\u00dfe 4<br \/>\n80802 M\u00fcnchen<\/p>\n<h2>Kontakt<\/h2>\n<p>Telefon: 089 47 027 843<br \/>\nE-Mail: info@sana-beaute.de<\/p>\n<h2>Angaben zur Berufshaftpflichtversicherung<\/h2>\n<p><strong>Name und Sitz des Versicherers:<\/strong><br \/>\nHaftplichtkasse Darmstadt<br \/>\nPostfach 1126<br \/>\n64373 Ro\u00dfdorf<\/p>\n<h2>Verbraucher\u00adstreit\u00adbeilegung\/Universal\u00adschlichtungs\u00adstelle<\/h2>\n<p>Wir sind nicht bereit oder verpflichtet, an Streitbeilegungsverfahren vor einer Verbraucherschlichtungsstelle teilzunehmen.[\/vc_column_text][\/vc_column][\/vc_row]\n","protected":false},"excerpt":{"rendered":"<p>[vc_row][vc_column][\/vc_column][\/vc_row][vc_row][vc_column][vc_column_text] Imprint Angaben gem\u00e4\u00df \u00a7 5 TMG Saffina Bandali sana beaut\u00e9 SPA Marktstra\u00dfe 4 80802 M\u00fcnchen Kontakt Telefon: 089 47 027 843 E-Mail: info@sana-beaute.de Angaben zur Berufshaftpflichtversicherung Name und Sitz des Versicherers: Haftplichtkasse Darmstadt Postfach 1126 64373 Ro\u00dfdorf Verbraucher\u00adstreit\u00adbeilegung\/Universal\u00adschlichtungs\u00adstelle Wir&hellip;<\/p>\n","protected":false},"author":1,"featured_media":0,"parent":0,"menu_order":0,"comment_status":"closed","ping_status":"closed","template":"templates\/no-sidebar.php","meta":{"footnotes":""},"class_list":["post-1798","page","type-page","status-publish","hentry","entry","no-media"],"_links":{"self":[{"href":"https:\/\/sana-beaute.de\/en\/wp-json\/wp\/v2\/pages\/1798","targetHints":{"allow":["GET"]}}],"collection":[{"href":"https:\/\/sana-beaute.de\/en\/wp-json\/wp\/v2\/pages"}],"about":[{"href":"https:\/\/sana-beaute.de\/en\/wp-json\/wp\/v2\/types\/page"}],"author":[{"embeddable":true,"href":"https:\/\/sana-beaute.de\/en\/wp-json\/wp\/v2\/users\/1"}],"replies":[{"embeddable":true,"href":"https:\/\/sana-beaute.de\/en\/wp-json\/wp\/v2\/comments?post=1798"}],"version-history":[{"count":5,"href":"https:\/\/sana-beaute.de\/en\/wp-json\/wp\/v2\/pages\/1798\/revisions"}],"predecessor-version":[{"id":2862,"href":"https:\/\/sana-beaute.de\/en\/wp-json\/wp\/v2\/pages\/1798\/revisions\/2862"}],"wp:attachment":[{"href":"https:\/\/sana-beaute.de\/en\/wp-json\/wp\/v2\/media?parent=1798"}],"curies":[{"name":"wp","href":"https:\/\/api.w.org\/{rel}","templated":true}]}}