{"id":1538,"date":"2021-05-27T18:04:48","date_gmt":"2021-05-27T16:04:48","guid":{"rendered":"https:\/\/www.9dk.de\/playground\/sana2\/?page_id=1538"},"modified":"2025-07-08T13:12:17","modified_gmt":"2025-07-08T11:12:17","slug":"philosophie","status":"publish","type":"page","link":"https:\/\/sana-beaute.de\/fr\/philosophie\/","title":{"rendered":"Philosophie"},"content":{"rendered":"[vc_row full_width=\u00a0\u00bbstretch_row_content_no_spaces\u00a0\u00bb][vc_column css=\u00a0\u00bb.vc_custom_1613400571248{margin-top: 20px !important;}\u00a0\u00bb]<div class=\"vcex-module vcex-image-banner wpex-relative wpex-overflow-hidden wpex-max-w-100 wpex-bg-gray-900 wpex-text-white wpex-float-center wpex-text-center _header-banner-9dk\"  style=\"width:1920px;\"><span class=\"vcex-ib-img wpex-block wpex-z-1 wpex-transition-all wpex-duration-500 wpex-bg-cover wpex-absolute wpex-inset-0\" style=\"background-image:url(https:\/\/sana-beaute.de\/wp-content\/uploads\/2022\/03\/saffina-bandali-1.jpg);background-position:center center;\"><\/span><div class=\"vcex-ib-content-wrap wpex-z-10 wpex-w-100 wpex-transition-all wpex-duration-500 wpex-relative wpex-clr\"><div class=\"vcex-ib-content wpex-mx-auto wpex-clr\"><\/div><\/div><\/div>[\/vc_column][\/vc_row][vc_row][vc_column]<div class=\"vcex-module vcex-heading wpex-text-2xl wpex-font-normal wpex-m-auto wpex-max-w-100 vcex-heading-plain wpex-block wpex-mb-25 wpex-text-left\" style=\"color:#a07942;line-height:130%;\"><span class=\"vcex-heading-inner wpex-inline-block wpex-clr\">BIENVENUE AU SPA SANA BEAUT\u00c9<\/span><\/div>[vc_column_text]\n<p class=\"western\"><span style=\"font-family: Arial, sans-serif;\">Il est temps de prendre du temps.<br \/>\n<\/span><span style=\"font-family: Arial, sans-serif;\">Pour votre bien-\u00eatre, pour votre propre beaut\u00e9 int\u00e9rieure et ext\u00e9rieure, et pour profiter d\u00b4une vie consolid\u00e9e et pleine d\u00b4\u00e9clat.<\/span><\/p>\n<p class=\"western\"><span style=\"font-family: Arial, sans-serif;\"><span lang=\"en-US\">Pour nous, la globalit\u00e9 s\u00b4etreint sur le visage, le corps, la peau, les muscles, l\u00b4\u00e2me, la personne dans son ensemble.<br \/>\n<\/span><\/span><span style=\"font-family: Arial, sans-serif;\">Embarquez pour un voyage, avec des rituels et des techniques de beaut\u00e9 du monde entier.<br \/>\n<\/span><span style=\"font-family: Arial, sans-serif;\"><span lang=\"en-US\">Sana beaut\u00e9 SPA pratique la globalit\u00e9 non seulement sur le corps humain, mais aussi dans sa philosophie de bien \u00eatre et de respect de la nature pour nous, la durabilit\u00e9 est une responsablit\u00e9 et non une tendance.<\/span><\/span><\/p>\n<p class=\"western\"><span style=\"font-family: Arial, sans-serif;\"><span lang=\"en-US\">Sana beaut\u00e9 SPA est un SPA \u00e9cologique qui a \u00e9t\u00e9 recompense en 2018 comme le \u201cSpa Le Plus Moderne d\u00b4Allemagne\u201d, par Luxury Travel Guide. Notre concept\u201dVert\u201d va de l\u00b4ameublement (murs eb chaux, bois europ\u00e9en,\u2026) aux consommables (slips jetables en bamboo et biod\u00e9gradables, pas de cartouches pour l\u00b4\u00e9pilation,\u2026) au nettoyage du linge (avec un detergent biodegradable) en passant par le choix des produits ( emballages recycles, ingredients naturels, commerce equitable avec les agriculteurs,\u2026).<\/span><\/span><\/p>\n<p class=\"western\"><span style=\"font-family: Arial, sans-serif;\"><span lang=\"en-US\">Le Stress et les tensions de la vie quotidienne \u2013 ils laisennt leur marque. Nous nous sentons mal, l\u00e9thargiques, nos muscles sont tendus, notre peau est disgracieuse et irrit\u00e9e.<br \/>\n<\/span><\/span><span style=\"font-family: Arial, sans-serif;\"><span lang=\"en-US\">Nous vous invitons \u00e0 \u00eatre bon envers vous m\u00eame. Laisser-vous dorloter, profitez et d\u00e9couvrez comment votre corps et votre esprit vous le remercieront.<br \/>\n<\/span><\/span><span style=\"font-family: Arial, sans-serif;\"><span lang=\"en-US\">Dans le SPA, sana beaut\u00e9, nous vous proposons une gamme complete de produits cosm\u00e9tiques, d\u00b4\u00e9pilation \u00e0 la cire, de bien \u00eatre, de massages, de rituels de beaut\u00e9 du monde entier, de traitements des zones \u00e0 problems, de nutrition, d\u00b4\u00e9pilation permanente, de maquillage permanent\u2026Tout en un seul endroit, d\u00b4une seule source, pour les enfants, les femmes enceintes, les femmes, les hommes.<\/span><\/span><\/p>\n<p class=\"western\"><span style=\"font-family: Arial, sans-serif;\"><span lang=\"en-US\">Que vous souhaitiez vous occupiez sp\u00e9cifiquement d\u00b4un besoin pr\u00e9cis ou simplement profiter d\u00b4une pure d\u00e9tente. Des traitements individuels efficacies \u00e0 un ensemble complet de bien-\u00eatre, nous sommes l\u00e0 pour vous.<br \/>\n<\/span><\/span><span style=\"font-family: Arial, sans-serif;\"><span lang=\"en-US\">Nous sommes heureux que vous soyez ici. Jetez un coup d\u00b4oeil autour de vous et d\u00e9couvrez ce que nous pouvons vous recommender pour votre bien-\u00eatre et votre beaut\u00e9. Passez nous voir et nous vous conseillons sans engagement.<\/span><\/span><\/p>\n<p class=\"western\"><span style=\"font-family: Arial, sans-serif;\"><span lang=\"en-US\">Bien \u00e0 vous,<br \/>\n<\/span><\/span><span style=\"font-family: Arial, sans-serif;\"><span lang=\"en-US\">Saffina<\/span><\/span><\/p>\n[\/vc_column_text][\/vc_column][\/vc_row][vc_row equal_height=\u00a0\u00bbyes\u00a0\u00bb][vc_column width=\u00a0\u00bb1\/2&Prime; el_class=\u00a0\u00bbvierhunderthoch\u00a0\u00bb][vc_hoverbox image=\u00a0\u00bb643&Prime; primary_title=\u00a0\u00bbSaffina\u00a0\u00bb hover_title=\u00a0\u00bbSaffina Bandali\u00a0\u00bb hover_background_color=\u00a0\u00bbcustom\u00a0\u00bb el_class=\u00a0\u00bbwhite\u00a0\u00bb hover_custom_background=\u00a0\u00bb#eaf1f8&Prime;]Saffina est sp\u00e9cialis\u00e9 dans certains traitements.<br \/>\nIl suffit de le s\u00e9lectionner lors de la r\u00e9servation.[\/vc_hoverbox][\/vc_column][\/vc_row][vc_row][vc_column]<div class=\"templatera_shortcode\"><div class=\"vc_row wpb_row vc_row-fluid vc_custom_1613397672798 wpex-has-overlay\"><div class=\"wpb_column vc_column_container vc_col-sm-8\"><div class=\"vc_column-inner\"><div class=\"wpb_wrapper\">\n\t<div class=\"wpb_text_column wpb_content_element \" >\n\t\t<div class=\"wpb_wrapper\">\n\t\t\t<h2 style=\"font-size: 1.846em;\">Bons de cadeaux et abonnements<\/h2>\n\n\t\t<\/div>\n\t<\/div>\n\n\t<div class=\"wpb_text_column wpb_content_element \" >\n\t\t<div class=\"wpb_wrapper\">\n\t\t\t<h3><em>La r\u00e9gularit\u00e9 fait toute la diff\u00e9rence<\/em><\/h3>\n\n\t\t<\/div>\n\t<\/div>\n\n\t<div class=\"wpb_text_column wpb_content_element  vc_custom_1623773340572\" >\n\t\t<div class=\"wpb_wrapper\">\n\t\t\t<p>Offrez un soin \u00e0 vos biens aim\u00e9s &amp; des abonnements pour votre plaisir personnel<\/p>\n\n\t\t<\/div>\n\t<\/div>\n\n\t<div class=\"wpb_text_column wpb_content_element  vc_custom_1623774780033\" >\n\t\t<div class=\"wpb_wrapper\">\n\t\t\t<p><a class=\"vcex-button theme-button inline\" href=\"bons-de-cadeau-et-abonnements\/\"><span class=\"theme-button-inner\">Bons de cadeau &amp; Abo<\/span><\/a><\/p>\n\n\t\t<\/div>\n\t<\/div>\n<\/div><\/div><\/div><div class=\"wpb_column vc_column_container vc_col-sm-4\"><div class=\"vc_column-inner\"><div class=\"wpb_wrapper\">\n\t<div  class=\"wpb_single_image wpb_content_element vc_align_\">\n\t\t\n\t\t<figure class=\"wpb_wrapper vc_figure\">\n\t\t\t<div class=\"vc_single_image-wrapper   vc_box_border_grey\"><img loading=\"lazy\" decoding=\"async\" width=\"512\" height=\"768\" src=\"https:\/\/sana-beaute.de\/wp-content\/uploads\/2021\/05\/abonnement-massage-beauty-muenchen.jpg\" class=\"vc_single_image-img attachment-full\" alt=\"\" \/><\/div>\n\t\t<\/figure>\n\t<\/div>\n<\/div><\/div><\/div><div class=\"wpex-bg-overlay-wrap\"><span class=\"wpex-bg-overlay color\" style=\"background-color:#deefe6;\" data-style=\"background-color:#deefe6;\"><\/span><\/div><\/div><\/div>[\/vc_column][\/vc_row][vc_row][vc_column]<div class=\"templatera_shortcode\"><div class=\"vc_row wpb_row vc_row-fluid vc_custom_1622302998600 wpex-has-overlay\"><div class=\"wpb_column vc_column_container vc_col-sm-12\"><div class=\"vc_column-inner\"><div class=\"wpb_wrapper\">\n\t<div class=\"wpb_text_column wpb_content_element  vc_custom_1622302746433\" >\n\t\t<div class=\"wpb_wrapper\">\n\t\t\t<h2 style=\"font-size: 1.846em;\">Voici les offres mensuelles et promotions<\/h2>\n\n\t\t<\/div>\n\t<\/div>\n\n\t<div class=\"wpb_text_column wpb_content_element \" >\n\t\t<div class=\"wpb_wrapper\">\n\t\t\t<p class=\"western\">Nous envoyons un Newsletter mensuel, afin que vous puissiez b\u00e9n\u00e9ficiez de reductions.<\/p>\n\n\t\t<\/div>\n\t<\/div>\n\n\t<div class=\"wpb_text_column wpb_content_element  vc_custom_1622302765187\" >\n\t\t<div class=\"wpb_wrapper\">\n\t\t\t<p>Nous vous garantissons une extr\u00eame confidentilit\u00e9 et ne transmettons pas vos donn\u00e9es \u00e0 des tierces personnes.<\/p>\n\n\t\t<\/div>\n\t<\/div>\n\n<div class=\"wpcf7 no-js\" id=\"wpcf7-f1556-o1\" lang=\"de-DE\" dir=\"ltr\" data-wpcf7-id=\"1556\">\n<div class=\"screen-reader-response\"><p role=\"status\" aria-live=\"polite\" aria-atomic=\"true\"><\/p> <ul><\/ul><\/div>\n<form action=\"\/fr\/wp-json\/wp\/v2\/pages\/1538#wpcf7-f1556-o1\" method=\"post\" class=\"wpcf7-form init\" aria-label=\"Kontaktformular\" novalidate=\"novalidate\" data-status=\"init\">\n<fieldset class=\"hidden-fields-container\"><input type=\"hidden\" name=\"_wpcf7\" value=\"1556\" \/><input type=\"hidden\" name=\"_wpcf7_version\" value=\"6.1.5\" \/><input type=\"hidden\" name=\"_wpcf7_locale\" value=\"de_DE\" \/><input type=\"hidden\" name=\"_wpcf7_unit_tag\" value=\"wpcf7-f1556-o1\" \/><input type=\"hidden\" name=\"_wpcf7_container_post\" value=\"0\" \/><input type=\"hidden\" name=\"_wpcf7_posted_data_hash\" value=\"\" \/>\n<\/fieldset>\n<style>.noborder {border: none; padding: 0;}\n<\/style>\n<table>\n\t<tr>\n\t\t<td class=\"noborder\">\n\t\t\t<p><label>Votre Nom \/ Pr\u00e9nom <\/label>\n\t\t\t<\/p>\n\t\t<\/td>\n\t\t<td class=\"noborder\">\n\t\t\t<p><span class=\"wpcf7-form-control-wrap\" data-name=\"your-name\"><input size=\"40\" maxlength=\"400\" class=\"wpcf7-form-control wpcf7-text wpcf7-validates-as-required\" aria-required=\"true\" aria-invalid=\"false\" value=\"\" type=\"text\" name=\"your-name\" \/><\/span>\n\t\t\t<\/p>\n\t\t<\/td>\n\t<\/tr>\n\t<tr>\n\t\t<td class=\"noborder\">\n\t\t\t<p><label>Votre Adresse e-mail<\/label>\n\t\t\t<\/p>\n\t\t<\/td>\n\t\t<td class=\"noborder\">\n\t\t\t<p><span class=\"wpcf7-form-control-wrap\" data-name=\"your-email\"><input size=\"40\" maxlength=\"400\" class=\"wpcf7-form-control wpcf7-email wpcf7-validates-as-required wpcf7-text wpcf7-validates-as-email\" aria-required=\"true\" aria-invalid=\"false\" value=\"\" type=\"email\" name=\"your-email\" \/><\/span>\n\t\t\t<\/p>\n\t\t<\/td>\n\t<\/tr>\n<\/table>\n<p><span class=\"wpcf7-form-control-wrap\" data-name=\"acceptance-441\"><span class=\"wpcf7-form-control wpcf7-acceptance\"><span class=\"wpcf7-list-item\"><label><input type=\"checkbox\" name=\"acceptance-441\" value=\"1\" aria-invalid=\"false\" \/><span class=\"wpcf7-list-item-label\"><a href=\"#datenschutz\">Clause de confidentialit\u00e9<\/a> accept\u00e9e<\/span><\/label><\/span><\/span><\/span>\n<\/p>\n<div style=\"margin-top: 10px;\">\n\t<p><input class=\"wpcf7-form-control wpcf7-submit has-spinner\" type=\"submit\" value=\"Oui, je veux aussi \u00eatre impliqu\u00e9 !\" \/>\n\t<\/p>\n<\/div><div class=\"wpcf7-response-output\" aria-hidden=\"true\"><\/div>\n<\/form>\n<\/div>\n<\/div><\/div><\/div><div class=\"wpex-bg-overlay-wrap\"><span class=\"wpex-bg-overlay color\" style=\"background-color:#deeaf4;\" data-style=\"background-color:#deeaf4;\"><\/span><\/div><\/div><\/div>[\/vc_column][\/vc_row][vc_row][vc_column]<div class=\"templatera_shortcode\"><div class=\"vc_row wpb_row vc_row-fluid\"><div class=\"wpb_column vc_column_container vc_col-sm-12\"><div class=\"vc_column-inner\"><div class=\"wpb_wrapper\"><div class=\"theme-heading border-w-color vcex-module-heading vcex_image_carousel-heading\"><span class=\"text\">Parmi les autres produits que nous proposons<\/span><\/div><div class=\"vcex-module wpex-carousel wpex-carousel-images wpex-clr owl-carousel\" data-wpex-carousel=\"{&quot;nav&quot;:false,&quot;dots&quot;:true,&quot;autoplay&quot;:true,&quot;loop&quot;:true,&quot;center&quot;:false,&quot;smartSpeed&quot;:250,&quot;items&quot;:4,&quot;slideBy&quot;:1,&quot;autoplayTimeout&quot;:5000,&quot;margin&quot;:15,&quot;itemsTablet&quot;:3,&quot;itemsMobileLandscape&quot;:2,&quot;itemsMobilePortrait&quot;:1,&quot;autoWidth&quot;:false,&quot;autoHeight&quot;:false}\"><div class=\"wpex-carousel-slide\"><figure class=\"wpex-carousel-entry-media entry-media\"><img loading=\"lazy\" decoding=\"async\" data-no-lazy=\"1\" class=\"wpex-align-middle skip-lazy\" src=\"https:\/\/sana-beaute.de\/wp-content\/uploads\/2021\/02\/biovive-muenchen-500.jpg\" alt=\"\" width=\"500\" height=\"500\" \/><\/figure><\/div><div class=\"wpex-carousel-slide\"><figure class=\"wpex-carousel-entry-media entry-media\"><img loading=\"lazy\" decoding=\"async\" data-no-lazy=\"1\" class=\"wpex-align-middle skip-lazy\" src=\"https:\/\/sana-beaute.de\/wp-content\/uploads\/2021\/02\/cinques-mondes-muenchen.jpg\" alt=\"\" width=\"500\" height=\"500\" \/><\/figure><\/div><div class=\"wpex-carousel-slide\"><figure class=\"wpex-carousel-entry-media entry-media\"><img loading=\"lazy\" decoding=\"async\" data-no-lazy=\"1\" class=\"wpex-align-middle skip-lazy\" src=\"https:\/\/sana-beaute.de\/wp-content\/uploads\/2021\/02\/mesoestetic-muenchen.jpg\" alt=\"\" width=\"500\" height=\"500\" \/><\/figure><\/div><div class=\"wpex-carousel-slide\"><figure class=\"wpex-carousel-entry-media entry-media\"><img loading=\"lazy\" decoding=\"async\" data-no-lazy=\"1\" class=\"wpex-align-middle skip-lazy\" src=\"https:\/\/sana-beaute.de\/wp-content\/uploads\/2021\/02\/nougatine-paris-muenchen.jpg\" alt=\"\" width=\"500\" height=\"500\" \/><\/figure><\/div><div class=\"wpex-carousel-slide\"><figure class=\"wpex-carousel-entry-media entry-media\"><img loading=\"lazy\" decoding=\"async\" data-no-lazy=\"1\" class=\"wpex-align-middle skip-lazy\" src=\"https:\/\/sana-beaute.de\/wp-content\/uploads\/2021\/02\/perron-rigot-muenchen-1.jpg\" alt=\"\" width=\"500\" height=\"500\" \/><\/figure><\/div><div class=\"wpex-carousel-slide\"><figure class=\"wpex-carousel-entry-media entry-media\"><img loading=\"lazy\" decoding=\"async\" data-no-lazy=\"1\" class=\"wpex-align-middle skip-lazy\" src=\"https:\/\/sana-beaute.de\/wp-content\/uploads\/2021\/02\/sothys-muenchen-1.jpg\" alt=\"\" width=\"500\" height=\"500\" \/><\/figure><\/div><\/div><\/div><\/div><\/div><\/div><\/div>[\/vc_column][\/vc_row]\n","protected":false},"excerpt":{"rendered":"BIENVENUE AU SPA SANA BEAUT\u00c9 Il est temps de prendre du temps. Pour votre bien-\u00eatre, pour votre propre beaut\u00e9 int\u00e9rieure et ext\u00e9rieure, et pour profiter d\u00b4une vie consolid\u00e9e et pleine d\u00b4\u00e9clat. Pour nous, la globalit\u00e9 s\u00b4etreint sur le visage, le&hellip;","protected":false},"author":1,"featured_media":0,"parent":0,"menu_order":0,"comment_status":"closed","ping_status":"closed","template":"templates\/no-sidebar.php","meta":{"footnotes":""},"class_list":["post-1538","page","type-page","status-publish","hentry","entry","no-media"],"_links":{"self":[{"href":"https:\/\/sana-beaute.de\/fr\/wp-json\/wp\/v2\/pages\/1538","targetHints":{"allow":["GET"]}}],"collection":[{"href":"https:\/\/sana-beaute.de\/fr\/wp-json\/wp\/v2\/pages"}],"about":[{"href":"https:\/\/sana-beaute.de\/fr\/wp-json\/wp\/v2\/types\/page"}],"author":[{"embeddable":true,"href":"https:\/\/sana-beaute.de\/fr\/wp-json\/wp\/v2\/users\/1"}],"replies":[{"embeddable":true,"href":"https:\/\/sana-beaute.de\/fr\/wp-json\/wp\/v2\/comments?post=1538"}],"version-history":[{"count":16,"href":"https:\/\/sana-beaute.de\/fr\/wp-json\/wp\/v2\/pages\/1538\/revisions"}],"predecessor-version":[{"id":2291,"href":"https:\/\/sana-beaute.de\/fr\/wp-json\/wp\/v2\/pages\/1538\/revisions\/2291"}],"wp:attachment":[{"href":"https:\/\/sana-beaute.de\/fr\/wp-json\/wp\/v2\/media?parent=1538"}],"curies":[{"name":"wp","href":"https:\/\/api.w.org\/{rel}","templated":true}]}}