{"id":1578,"date":"2021-05-28T17:15:15","date_gmt":"2021-05-28T15:15:15","guid":{"rendered":"https:\/\/www.9dk.de\/playground\/sana2\/?page_id=1578"},"modified":"2026-03-09T13:47:31","modified_gmt":"2026-03-09T12:47:31","slug":"mamans","status":"publish","type":"page","link":"https:\/\/sana-beaute.de\/fr\/mamans\/","title":{"rendered":"Mamans"},"content":{"rendered":"[vc_row full_width=\u00a0\u00bbstretch_row_content_no_spaces\u00a0\u00bb][vc_column css=\u00a0\u00bb.vc_custom_1613400571248{margin-top: 20px !important;}\u00a0\u00bb]<div class=\"vcex-module vcex-image-banner wpex-relative wpex-overflow-hidden wpex-max-w-100 wpex-bg-gray-900 wpex-text-white wpex-float-center wpex-text-center _header-banner-9dk\"  style=\"width:1920px;\"><span class=\"vcex-ib-img wpex-block wpex-z-1 wpex-transition-all wpex-duration-500 wpex-bg-cover wpex-absolute wpex-inset-0\" style=\"background-image:url(https:\/\/sana-beaute.de\/wp-content\/uploads\/2021\/02\/beauty-spa-muenchen-schwabing-fuer-muetter.jpg);background-position:center center;\"><\/span><div class=\"vcex-ib-overlay wpex-absolute wpex-z-5 wpex-inset-0 wpex-transition-all wpex-duration-500\"><div class=\"vcex-ib-overlay-bg wpex-absolute wpex-inset-0 wpex-bg-black wpex-opacity-30\" style=\"background:#020202;opacity:.35;\"><\/div><\/div><div class=\"vcex-ib-content-wrap wpex-z-10 wpex-w-100 wpex-transition-all wpex-duration-500 wpex-relative wpex-clr\"><div class=\"vcex-ib-content wpex-mx-auto wpex-clr\"><div class=\"vcex-ib-title wpex-heading wpex-inherit-color-important\">Mamans &amp; Co<\/div><div class=\"vcex-ib-caption wpex-text-lg wpex-last-mb-0\">Femmes enceintes, mamans et enfants<\/div><\/div><\/div><\/div>[\/vc_column][\/vc_row][vc_row][vc_column width=\u00a0\u00bb1\/2&Prime;]<div class=\"vcex-module vcex-heading wpex-text-2xl wpex-font-normal wpex-m-auto wpex-max-w-100 vcex-heading-plain wpex-block wpex-mb-25 wpex-text-left\" style=\"color:#a07942;line-height:130%;\"><span class=\"vcex-heading-inner wpex-inline-block wpex-clr\">FEMMES ENCEINTES &amp; MAMANS<\/span><\/div>[vc_column_text]Pour des futures mamans et de jeunes mamans nous proposons des soins cibl\u00e9s, pour des besoins sp\u00e9cifiques de la peau et du corps durant la grossesse et l\u00b4allaitement.<br \/>\nNous vous accompagnons dans votre bien-\u00eatre durant la grossesse, afin que vous vous sentiez en harmonie avec un corps en changement.<br \/>\nNous vous conseillons sur les produits appropri\u00e9s pour la pr\u00e9vention et le traitement des vergetures, le raffermissement de la peau ou sur des produits tr\u00e8s hydratants. \u00c0 un stade avanc\u00e9 de la grossesse, nous vous conseillons des soins du visage sp\u00e9cifiques et des massages sur notre table \u00e0 eau, unique, la Wavebalance\u00ae.[\/vc_column_text][\/vc_column][vc_column width=\u00a0\u00bb1\/2&Prime;][vc_single_image image=\u00a0\u00bb1429&Prime;][\/vc_column][\/vc_row][vc_row][vc_column width=\u00a0\u00bb1\/3&Prime;]<div class=\"vcex-module vcex-pricing vcex-pricing-style-alt-1 wpex-leading-normal wpex-bg-white wpex-p-40 wpex-text-center wpex-border-solid wpex-border wpex-border-gray-300 wpex-last-mb-0\"><div class=\"vcex-pricing-plan vcex-pricing-header wpex-font-medium wpex-text-3xl wpex-text-gray-900\" style=\"background:#ffffff;color:#9c7b38;text-transform:none;font-family:Gilda Display local;\">Forfait pour le neuvi\u00e8me mois<\/div><div class=\"vcex-pricing-cost wpex-text-accent wpex-text-2xl wpex-font-medium wpex-mt-5 wpex-mb-20 wpex-leading-normal\" style=\"background:#ffffff;font-family:Open Sans local;\"><span class=\"vcex-pricing-ammount\" style=\"color:#000000;font-size:18px;\">135 MIN | 249\u20ac (vous \u00e9conomisez 22 \u20ac)<\/span><\/div><div class=\"vcex-pricing-content wpex-clr wpex-my-20\">Soins du visage cinq fleurs (50 MIN), Massage du corps Yin sur la Wavebalance\u00ae (45 MIN.) &#8211; (sur la table \u00e0 eau) et \u00e9pilation int\u00e9grale du bikini.<\/div><\/div>[\/vc_column][vc_column width=\u00a0\u00bb1\/3&Prime;]<div class=\"vcex-module vcex-pricing vcex-pricing-style-alt-1 wpex-leading-normal wpex-bg-white wpex-p-40 wpex-text-center wpex-border-solid wpex-border wpex-border-gray-300 wpex-last-mb-0\"><div class=\"vcex-pricing-plan vcex-pricing-header wpex-font-medium wpex-text-3xl wpex-text-gray-900\" style=\"background:#ffffff;color:#9c7b38;text-transform:none;font-family:Gilda Display local;\">Abonnement<\/div><div class=\"vcex-pricing-cost wpex-text-accent wpex-text-2xl wpex-font-medium wpex-mt-5 wpex-mb-20 wpex-leading-normal\" style=\"background:#ffffff;font-family:Open Sans local;\"><span class=\"vcex-pricing-ammount\" style=\"color:#000000;font-size:18px;\">6\u00d745 MIN | 424 \u20ac \/ 6\u00d760 MIN ( Massage Pr\u00e9natal) | 636 \u20ac<\/span><\/div><div class=\"vcex-pricing-content wpex-clr wpex-my-20\">Massages relaxant du dos et de la nuque, d\u00e9nouant les muscles sollicit\u00e9s par la grossesse et l\u00b4allaitement, 6 s\u00e9ances. Ou Massage Pr\u00e9natal<\/div><\/div>[\/vc_column][vc_column width=\u00a0\u00bb1\/3&Prime;]<div class=\"vcex-module vcex-pricing vcex-pricing-style-alt-1 wpex-leading-normal wpex-bg-white wpex-p-40 wpex-text-center wpex-border-solid wpex-border wpex-border-gray-300 wpex-last-mb-0\"><div class=\"vcex-pricing-plan vcex-pricing-header wpex-font-medium wpex-text-3xl wpex-text-gray-900\" style=\"background:#ffffff;color:#9c7b38;text-transform:none;font-family:Gilda Display local;\">Massage pr\u00e9natal<\/div><div class=\"vcex-pricing-cost wpex-text-accent wpex-text-2xl wpex-font-medium wpex-mt-5 wpex-mb-20 wpex-leading-normal\" style=\"background:#ffffff;font-family:Open Sans local;\"><span class=\"vcex-pricing-ammount\" style=\"color:#000000;font-size:18px;\">60 \/ 90 MIN (drainage Lymphatique inclus) | 120 \/ 145\u20ac<\/span><\/div><div class=\"vcex-pricing-content wpex-clr wpex-my-20\">\n<div>\n<p><span lang=\"EN-US\">Il va permettre \u00e0 la femme enceinte de soulager l\u2019ensemble des tensions musculaires qui lui sont sp\u00e9cifiques, de favoriser une bonne circulation sanguine et lymphatique, d\u2019att\u00e9nuer le sympt\u00f4me des jambes sans repos, de soulager les jambes lourdes, de renforcer l\u2019\u00e9lasticit\u00e9 de la peau afin de r\u00e9duire sensiblement l\u2019apparition des vergetures. Il stimule les d\u00e9fenses immunitaires et renforce l\u2019\u00e9nergie vitale.\u00a0<\/span>La lib\u00e9ration des hormones du bien-\u00eatre aura un effet d\u00e9stressant et favorisera la qualit\u00e9 du sommeil. La diminution de la s\u00e9cr\u00e9tion d\u2019hormones de stress favorisera les pens\u00e9es positives et la bonne croissance du b\u00e9b\u00e9.<\/p>\n<\/div>\n<\/div><\/div>[\/vc_column][\/vc_row][vc_row][vc_column width=\u00a0\u00bb1\/3&Prime;]<div class=\"vcex-module vcex-pricing vcex-pricing-style-alt-1 wpex-leading-normal wpex-bg-white wpex-p-40 wpex-text-center wpex-border-solid wpex-border wpex-border-gray-300 wpex-last-mb-0\"><div class=\"vcex-pricing-plan vcex-pricing-header wpex-font-medium wpex-text-3xl wpex-text-gray-900\" style=\"background:#ffffff;color:#9c7b38;text-transform:none;font-family:Gilda Display local;\">Massage postnatal<\/div><div class=\"vcex-pricing-cost wpex-text-accent wpex-text-2xl wpex-font-medium wpex-mt-5 wpex-mb-20 wpex-leading-normal\" style=\"background:#ffffff;font-family:Open Sans local;\"><span class=\"vcex-pricing-ammount\" style=\"color:#000000;font-size:18px;\">75 MIN | 129 \u20ac<\/span><\/div><div class=\"vcex-pricing-content wpex-clr wpex-my-20\">Il permet un r\u00e9\u00e9quilibrage complet du corps, soulage les tensions, souvent localis\u00e9es dans le haut du dos et relance la circulation sanguine qui n\u2019est pas optimale en post accouchement. Il diminue le stress, la fatigue physique, psychique et \u00e9motionnelle afin de pr\u00e9venir la d\u00e9pression postpartum.\u00a0Il permet \u00e0 la femme de se r\u00e9approprier son corps plus facilement, et prendre du temps pour elle.<\/div><\/div>[\/vc_column][vc_column width=\u00a0\u00bb1\/3&Prime;]<div class=\"vcex-module vcex-pricing vcex-pricing-style-alt-1 wpex-leading-normal wpex-bg-white wpex-p-40 wpex-text-center wpex-border-solid wpex-border wpex-border-gray-300 wpex-last-mb-0\"><div class=\"vcex-pricing-plan vcex-pricing-header wpex-font-medium wpex-text-3xl wpex-text-gray-900\" style=\"background:#ffffff;color:#9c7b38;text-transform:none;font-family:Gilda Display local;\">YIN Massage int\u00e9gral sur le matelas de soin \u00e0 eau wavebalance\u00ae<\/div><div class=\"vcex-pricing-cost wpex-text-accent wpex-text-2xl wpex-font-medium wpex-mt-5 wpex-mb-20 wpex-leading-normal\" style=\"background:#ffffff;font-family:Open Sans local;\"><span class=\"vcex-pricing-ammount\" style=\"color:#000000;font-size:18px;\">60 \/ 90 \/ 120 MIN | 125 \/ 145 \/ 175 \u20ac<\/span><\/div><div class=\"vcex-pricing-content wpex-clr wpex-my-20\">L\u2019exp\u00e9rience unique de l\u2019art du toucher harmonique et fluide: tout son corps est all\u00e9g\u00e9 au rythme des vagues et mass\u00e9 \u00e0 l\u2019huile bio chaude et parfum\u00e9e sur tout le corps. Ce faisant, m\u00eame les tensions les plus profondes peuvent se d\u00e9nouer et laisser de la place \u00e0 la d\u00e9tente.<\/div><\/div>[\/vc_column][vc_column width=\u00a0\u00bb1\/3&Prime;]<div class=\"vcex-module vcex-pricing vcex-pricing-style-alt-1 wpex-leading-normal wpex-bg-white wpex-p-40 wpex-text-center wpex-border-solid wpex-border wpex-border-gray-300 wpex-last-mb-0\"><div class=\"vcex-pricing-plan vcex-pricing-header wpex-font-medium wpex-text-3xl wpex-text-gray-900\" style=\"background:#ffffff;color:#9c7b38;text-transform:none;font-family:Gilda Display local;\">Drainage lymphatique pr\u00e9ventif et Massage cibl\u00e9e sur les zones \u00e0 tensions<\/div><div class=\"vcex-pricing-cost wpex-text-accent wpex-text-2xl wpex-font-medium wpex-mt-5 wpex-mb-20 wpex-leading-normal\" style=\"background:#ffffff;font-family:Open Sans local;\"><span class=\"vcex-pricing-ammount\" style=\"color:#000000;font-size:18px;\">60 \/ 90 MIN | 120 \/ 145\u20ac<\/span><\/div><div class=\"vcex-pricing-content wpex-clr wpex-my-20\">Doux, anti-inflammatoire et efficace. C\u2019est un drainage lymphatique pr\u00e9ventif manuel pour soutenir le processus de purification naturel de notre corps. C\u2019est une application du corps entier qui favorise la relaxation et la d\u00e9cong\u00e9lation du corps.<\/div><\/div>[\/vc_column][\/vc_row][vc_row][vc_column]<div class=\"vcex-module vcex-pricing vcex-pricing-style-alt-1 wpex-leading-normal wpex-bg-white wpex-p-40 wpex-text-center wpex-border-solid wpex-border wpex-border-gray-300 wpex-last-mb-0\"><div class=\"vcex-pricing-plan vcex-pricing-header wpex-font-medium wpex-text-3xl wpex-text-gray-900\" style=\"background:#ffffff;color:#9c7b38;text-transform:none;font-family:Gilda Display local;\">Enfants (6-14 ans)<\/div><div class=\"vcex-pricing-content wpex-clr wpex-my-20\">Les enfants ont un besoin grandissant, d\u00b4une part de bien prendre soin de leur peau, d\u00b4autre part de faire face \u00e0 une soci\u00e9t\u00e9 s\u00e9dentaire, en stimulant leur activit\u00e9<br \/>\nphysique et en gardant sous contr\u00f4le les tensions musculaires, d\u00e9j\u00e0 celles cr\u00e9\u00e9es par le port du cartable. Nos massages et soins du visage sont exclusivement pratiqu\u00e9s avec la marque cosm\u00e9tique naturelle Nougatine (\u00e0 partir de 3 ans).<\/p>\n<p style=\"text-align: center\"><strong>Amateurs de soins du visage 25 MIN \/ 30\u20ac<\/strong><\/p>\n<p style=\"text-align: center\">Nettoyage de la peau du visage, masque nourrissant, massage du visage, cr\u00e8me visage et baume \u00e0 l\u00e8vre.<\/p>\n<p style=\"text-align: center\"><strong>La s\u00e9r\u00e9nit\u00e9 des princes ou des princesses 30 MIN \/ 65\u20ac<\/strong><\/p>\n<p style=\"text-align: center\">Massage de d\u00e9tente de la nuque et du dos incluant bras et jambes.<\/p>\n<p style=\"text-align: center\"><strong>Doux r\u00eaves 25 MIN \/ 30\u20ac<\/strong><\/p>\n<p style=\"text-align: center\">Massage de la t\u00eate, de la nuque et des \u00e9paules.<\/p>\n<p style=\"text-align: center\"><strong>Peau nette 45 MIN \/ 65\u20ac<\/strong><\/p>\n<p style=\"text-align: center\">Soin du visage pour les pr\u00e9-adolescents (10-13 ans), nettoyage, gommage, extraction des com\u00e9dons, massage, cr\u00e8me de jour.<\/p>\n<p style=\"text-align: center\"><strong>Peau Sereine<\/strong><\/p>\n<p style=\"text-align: center\"><strong>60 MIN \/ 82\u20ac<\/strong><\/p>\n<p style=\"text-align: center\">Soin du visage pour les adolescents (14 -18 ans), nettoyage, gommage, extraction des com\u00e9dons, massage, cr\u00e8me de jour. Initiation au soin quotidien<\/p>\n<p>&nbsp;<\/p>\n<p>&nbsp;<\/p>\n<p>&nbsp;<\/p>\n<p>&nbsp;<\/p>\n<\/div><\/div>[\/vc_column][\/vc_row][vc_row][vc_column]<div class=\"templatera_shortcode\"><div class=\"vc_row wpb_row vc_row-fluid vc_custom_1613397672798 wpex-has-overlay\"><div class=\"wpb_column vc_column_container vc_col-sm-8\"><div class=\"vc_column-inner\"><div class=\"wpb_wrapper\">\n\t<div class=\"wpb_text_column wpb_content_element \" >\n\t\t<div class=\"wpb_wrapper\">\n\t\t\t<h2 style=\"font-size: 1.846em;\">Bons de cadeaux et abonnements<\/h2>\n\n\t\t<\/div>\n\t<\/div>\n\n\t<div class=\"wpb_text_column wpb_content_element \" >\n\t\t<div class=\"wpb_wrapper\">\n\t\t\t<h3><em>La r\u00e9gularit\u00e9 fait toute la diff\u00e9rence<\/em><\/h3>\n\n\t\t<\/div>\n\t<\/div>\n\n\t<div class=\"wpb_text_column wpb_content_element  vc_custom_1623773340572\" >\n\t\t<div class=\"wpb_wrapper\">\n\t\t\t<p>Offrez un soin \u00e0 vos biens aim\u00e9s &amp; des abonnements pour votre plaisir personnel<\/p>\n\n\t\t<\/div>\n\t<\/div>\n\n\t<div class=\"wpb_text_column wpb_content_element  vc_custom_1623774780033\" >\n\t\t<div class=\"wpb_wrapper\">\n\t\t\t<p><a class=\"vcex-button theme-button inline\" href=\"bons-de-cadeau-et-abonnements\/\"><span class=\"theme-button-inner\">Bons de cadeau &amp; Abo<\/span><\/a><\/p>\n\n\t\t<\/div>\n\t<\/div>\n<\/div><\/div><\/div><div class=\"wpb_column vc_column_container vc_col-sm-4\"><div class=\"vc_column-inner\"><div class=\"wpb_wrapper\">\n\t<div  class=\"wpb_single_image wpb_content_element vc_align_\">\n\t\t\n\t\t<figure class=\"wpb_wrapper vc_figure\">\n\t\t\t<div class=\"vc_single_image-wrapper   vc_box_border_grey\"><img loading=\"lazy\" decoding=\"async\" width=\"512\" height=\"768\" src=\"https:\/\/sana-beaute.de\/wp-content\/uploads\/2021\/05\/abonnement-massage-beauty-muenchen.jpg\" class=\"vc_single_image-img attachment-full\" alt=\"\" \/><\/div>\n\t\t<\/figure>\n\t<\/div>\n<\/div><\/div><\/div><div class=\"wpex-bg-overlay-wrap\"><span class=\"wpex-bg-overlay color\" style=\"background-color:#deefe6;\" data-style=\"background-color:#deefe6;\"><\/span><\/div><\/div><\/div>[\/vc_column][\/vc_row][vc_row][vc_column]<div class=\"templatera_shortcode\"><div class=\"vc_row wpb_row vc_row-fluid vc_custom_1622302998600 wpex-has-overlay\"><div class=\"wpb_column vc_column_container vc_col-sm-12\"><div class=\"vc_column-inner\"><div class=\"wpb_wrapper\">\n\t<div class=\"wpb_text_column wpb_content_element  vc_custom_1622302746433\" >\n\t\t<div class=\"wpb_wrapper\">\n\t\t\t<h2 style=\"font-size: 1.846em;\">Voici les offres mensuelles et promotions<\/h2>\n\n\t\t<\/div>\n\t<\/div>\n\n\t<div class=\"wpb_text_column wpb_content_element \" >\n\t\t<div class=\"wpb_wrapper\">\n\t\t\t<p class=\"western\">Nous envoyons un Newsletter mensuel, afin que vous puissiez b\u00e9n\u00e9ficiez de reductions.<\/p>\n\n\t\t<\/div>\n\t<\/div>\n\n\t<div class=\"wpb_text_column wpb_content_element  vc_custom_1622302765187\" >\n\t\t<div class=\"wpb_wrapper\">\n\t\t\t<p>Nous vous garantissons une extr\u00eame confidentilit\u00e9 et ne transmettons pas vos donn\u00e9es \u00e0 des tierces personnes.<\/p>\n\n\t\t<\/div>\n\t<\/div>\n\n<div class=\"wpcf7 no-js\" id=\"wpcf7-f1556-o1\" lang=\"de-DE\" dir=\"ltr\" data-wpcf7-id=\"1556\">\n<div class=\"screen-reader-response\"><p role=\"status\" aria-live=\"polite\" aria-atomic=\"true\"><\/p> <ul><\/ul><\/div>\n<form action=\"\/fr\/wp-json\/wp\/v2\/pages\/1578#wpcf7-f1556-o1\" method=\"post\" class=\"wpcf7-form init\" aria-label=\"Kontaktformular\" novalidate=\"novalidate\" data-status=\"init\">\n<fieldset class=\"hidden-fields-container\"><input type=\"hidden\" name=\"_wpcf7\" value=\"1556\" \/><input type=\"hidden\" name=\"_wpcf7_version\" value=\"6.1.5\" \/><input type=\"hidden\" name=\"_wpcf7_locale\" value=\"de_DE\" \/><input type=\"hidden\" name=\"_wpcf7_unit_tag\" value=\"wpcf7-f1556-o1\" \/><input type=\"hidden\" name=\"_wpcf7_container_post\" value=\"0\" \/><input type=\"hidden\" name=\"_wpcf7_posted_data_hash\" value=\"\" \/>\n<\/fieldset>\n<style>.noborder {border: none; padding: 0;}\n<\/style>\n<table>\n\t<tr>\n\t\t<td class=\"noborder\">\n\t\t\t<p><label>Votre Nom \/ Pr\u00e9nom <\/label>\n\t\t\t<\/p>\n\t\t<\/td>\n\t\t<td class=\"noborder\">\n\t\t\t<p><span class=\"wpcf7-form-control-wrap\" data-name=\"your-name\"><input size=\"40\" maxlength=\"400\" class=\"wpcf7-form-control wpcf7-text wpcf7-validates-as-required\" aria-required=\"true\" aria-invalid=\"false\" value=\"\" type=\"text\" name=\"your-name\" \/><\/span>\n\t\t\t<\/p>\n\t\t<\/td>\n\t<\/tr>\n\t<tr>\n\t\t<td class=\"noborder\">\n\t\t\t<p><label>Votre Adresse e-mail<\/label>\n\t\t\t<\/p>\n\t\t<\/td>\n\t\t<td class=\"noborder\">\n\t\t\t<p><span class=\"wpcf7-form-control-wrap\" data-name=\"your-email\"><input size=\"40\" maxlength=\"400\" class=\"wpcf7-form-control wpcf7-email wpcf7-validates-as-required wpcf7-text wpcf7-validates-as-email\" aria-required=\"true\" aria-invalid=\"false\" value=\"\" type=\"email\" name=\"your-email\" \/><\/span>\n\t\t\t<\/p>\n\t\t<\/td>\n\t<\/tr>\n<\/table>\n<p><span class=\"wpcf7-form-control-wrap\" data-name=\"acceptance-441\"><span class=\"wpcf7-form-control wpcf7-acceptance\"><span class=\"wpcf7-list-item\"><label><input type=\"checkbox\" name=\"acceptance-441\" value=\"1\" aria-invalid=\"false\" \/><span class=\"wpcf7-list-item-label\"><a href=\"#datenschutz\">Clause de confidentialit\u00e9<\/a> accept\u00e9e<\/span><\/label><\/span><\/span><\/span>\n<\/p>\n<div style=\"margin-top: 10px;\">\n\t<p><input class=\"wpcf7-form-control wpcf7-submit has-spinner\" type=\"submit\" value=\"Oui, je veux aussi \u00eatre impliqu\u00e9 !\" \/>\n\t<\/p>\n<\/div><div class=\"wpcf7-response-output\" aria-hidden=\"true\"><\/div>\n<\/form>\n<\/div>\n<\/div><\/div><\/div><div class=\"wpex-bg-overlay-wrap\"><span class=\"wpex-bg-overlay color\" style=\"background-color:#deeaf4;\" data-style=\"background-color:#deeaf4;\"><\/span><\/div><\/div><\/div>[\/vc_column][\/vc_row][vc_row][vc_column]<div class=\"templatera_shortcode\"><div class=\"vc_row wpb_row vc_row-fluid\"><div class=\"wpb_column vc_column_container vc_col-sm-12\"><div class=\"vc_column-inner\"><div class=\"wpb_wrapper\"><div class=\"theme-heading border-w-color vcex-module-heading vcex_image_carousel-heading\"><span class=\"text\">Parmi les autres produits que nous proposons<\/span><\/div><div class=\"vcex-module wpex-carousel wpex-carousel-images wpex-clr owl-carousel\" data-wpex-carousel=\"{&quot;nav&quot;:false,&quot;dots&quot;:true,&quot;autoplay&quot;:true,&quot;loop&quot;:true,&quot;center&quot;:false,&quot;smartSpeed&quot;:250,&quot;items&quot;:4,&quot;slideBy&quot;:1,&quot;autoplayTimeout&quot;:5000,&quot;margin&quot;:15,&quot;itemsTablet&quot;:3,&quot;itemsMobileLandscape&quot;:2,&quot;itemsMobilePortrait&quot;:1,&quot;autoWidth&quot;:false,&quot;autoHeight&quot;:false}\"><div class=\"wpex-carousel-slide\"><figure class=\"wpex-carousel-entry-media entry-media\"><img loading=\"lazy\" decoding=\"async\" data-no-lazy=\"1\" class=\"wpex-align-middle skip-lazy\" src=\"https:\/\/sana-beaute.de\/wp-content\/uploads\/2021\/02\/biovive-muenchen-500.jpg\" alt=\"\" width=\"500\" height=\"500\" \/><\/figure><\/div><div class=\"wpex-carousel-slide\"><figure class=\"wpex-carousel-entry-media entry-media\"><img loading=\"lazy\" decoding=\"async\" data-no-lazy=\"1\" class=\"wpex-align-middle skip-lazy\" src=\"https:\/\/sana-beaute.de\/wp-content\/uploads\/2021\/02\/cinques-mondes-muenchen.jpg\" alt=\"\" width=\"500\" height=\"500\" \/><\/figure><\/div><div class=\"wpex-carousel-slide\"><figure class=\"wpex-carousel-entry-media entry-media\"><img loading=\"lazy\" decoding=\"async\" data-no-lazy=\"1\" class=\"wpex-align-middle skip-lazy\" src=\"https:\/\/sana-beaute.de\/wp-content\/uploads\/2021\/02\/mesoestetic-muenchen.jpg\" alt=\"\" width=\"500\" height=\"500\" \/><\/figure><\/div><div class=\"wpex-carousel-slide\"><figure class=\"wpex-carousel-entry-media entry-media\"><img loading=\"lazy\" decoding=\"async\" data-no-lazy=\"1\" class=\"wpex-align-middle skip-lazy\" src=\"https:\/\/sana-beaute.de\/wp-content\/uploads\/2021\/02\/nougatine-paris-muenchen.jpg\" alt=\"\" width=\"500\" height=\"500\" \/><\/figure><\/div><div class=\"wpex-carousel-slide\"><figure class=\"wpex-carousel-entry-media entry-media\"><img loading=\"lazy\" decoding=\"async\" data-no-lazy=\"1\" class=\"wpex-align-middle skip-lazy\" src=\"https:\/\/sana-beaute.de\/wp-content\/uploads\/2021\/02\/perron-rigot-muenchen-1.jpg\" alt=\"\" width=\"500\" height=\"500\" \/><\/figure><\/div><div class=\"wpex-carousel-slide\"><figure class=\"wpex-carousel-entry-media entry-media\"><img loading=\"lazy\" decoding=\"async\" data-no-lazy=\"1\" class=\"wpex-align-middle skip-lazy\" src=\"https:\/\/sana-beaute.de\/wp-content\/uploads\/2021\/02\/sothys-muenchen-1.jpg\" alt=\"\" width=\"500\" height=\"500\" \/><\/figure><\/div><\/div><\/div><\/div><\/div><\/div><\/div>[\/vc_column][\/vc_row]\n","protected":false},"excerpt":{"rendered":"Mamans &amp; CoFemmes enceintes, mamans et enfantsFEMMES ENCEINTES &amp; MAMANS Pour des futures mamans et de jeunes mamans nous proposons des soins cibl\u00e9s, pour des besoins sp\u00e9cifiques de la peau et du corps durant la grossesse et l\u00b4allaitement. Nous vous&hellip;","protected":false},"author":1,"featured_media":0,"parent":0,"menu_order":0,"comment_status":"closed","ping_status":"closed","template":"templates\/no-sidebar.php","meta":{"footnotes":""},"class_list":["post-1578","page","type-page","status-publish","hentry","entry","no-media"],"_links":{"self":[{"href":"https:\/\/sana-beaute.de\/fr\/wp-json\/wp\/v2\/pages\/1578","targetHints":{"allow":["GET"]}}],"collection":[{"href":"https:\/\/sana-beaute.de\/fr\/wp-json\/wp\/v2\/pages"}],"about":[{"href":"https:\/\/sana-beaute.de\/fr\/wp-json\/wp\/v2\/types\/page"}],"author":[{"embeddable":true,"href":"https:\/\/sana-beaute.de\/fr\/wp-json\/wp\/v2\/users\/1"}],"replies":[{"embeddable":true,"href":"https:\/\/sana-beaute.de\/fr\/wp-json\/wp\/v2\/comments?post=1578"}],"version-history":[{"count":69,"href":"https:\/\/sana-beaute.de\/fr\/wp-json\/wp\/v2\/pages\/1578\/revisions"}],"predecessor-version":[{"id":2940,"href":"https:\/\/sana-beaute.de\/fr\/wp-json\/wp\/v2\/pages\/1578\/revisions\/2940"}],"wp:attachment":[{"href":"https:\/\/sana-beaute.de\/fr\/wp-json\/wp\/v2\/media?parent=1578"}],"curies":[{"name":"wp","href":"https:\/\/api.w.org\/{rel}","templated":true}]}}