{"id":1585,"date":"2021-05-28T17:29:38","date_gmt":"2021-05-28T15:29:38","guid":{"rendered":"https:\/\/www.9dk.de\/playground\/sana2\/?page_id=1585"},"modified":"2025-12-09T23:16:04","modified_gmt":"2025-12-09T22:16:04","slug":"epilation","status":"publish","type":"page","link":"https:\/\/sana-beaute.de\/fr\/epilation\/","title":{"rendered":"\u00c9pilation"},"content":{"rendered":"[vc_row full_width=\u00a0\u00bbstretch_row_content_no_spaces\u00a0\u00bb][vc_column css=\u00a0\u00bb.vc_custom_1613400571248{margin-top: 20px !important;}\u00a0\u00bb]<div class=\"vcex-module vcex-image-banner wpex-relative wpex-overflow-hidden wpex-max-w-100 wpex-bg-gray-900 wpex-text-white wpex-float-center wpex-text-center _header-banner-9dk\"  style=\"width:1920px;\"><span class=\"vcex-ib-img wpex-block wpex-z-1 wpex-transition-all wpex-duration-500 wpex-bg-cover wpex-absolute wpex-inset-0\" style=\"background-image:url(https:\/\/sana-beaute.de\/wp-content\/uploads\/2021\/02\/waxing-beauty-spa-muenchen-1.jpg);background-position:center center;\"><\/span><div class=\"vcex-ib-overlay wpex-absolute wpex-z-5 wpex-inset-0 wpex-transition-all wpex-duration-500\"><div class=\"vcex-ib-overlay-bg wpex-absolute wpex-inset-0 wpex-bg-black wpex-opacity-30\" style=\"background:#020202;opacity:.35;\"><\/div><\/div><div class=\"vcex-ib-content-wrap wpex-z-10 wpex-w-100 wpex-transition-all wpex-duration-500 wpex-relative wpex-clr\"><div class=\"vcex-ib-content wpex-mx-auto wpex-clr\"><div class=\"vcex-ib-title wpex-heading wpex-inherit-color-important\">\u00c9pilation<\/div><div class=\"vcex-ib-caption wpex-text-lg wpex-last-mb-0\">Pour elle &amp; lui<\/div><\/div><\/div><\/div>[\/vc_column][\/vc_row][vc_row][vc_column]<div class=\"vcex-module vcex-heading wpex-text-2xl wpex-font-normal wpex-m-auto wpex-max-w-100 vcex-heading-plain wpex-block wpex-mb-25 wpex-text-left\" style=\"color:#a07942;line-height:130%;\"><span class=\"vcex-heading-inner wpex-inline-block wpex-clr\">Enfin une peau lisse - POUR ELLE ET LUI<\/span><\/div>[vc_column_text]Beaucoup de femme d\u00e9sire avoir une peau impeccable et lisse, et les hommes une peau qui n est pas irrit\u00e9e apr\u00e8s le rasage. Nous vous conseillons \u00e9galement pour une \u00e9pilation definitive, les prix sont sur demande, d\u00e9pendant de la superficie \u00e0 traiter.<\/p>\n<p>Les cires utilis\u00e9es sont de Perron Rigot[\/vc_column_text][\/vc_column][\/vc_row][vc_row][vc_column][vc_tta_accordion active_section=\u00a0\u00bb1&Prime; no_fill=\u00a0\u00bbtrue\u00a0\u00bb][vc_tta_section title=\u00a0\u00bb\u00c9PILATION \u00c0 LA CIRE POUR ELLE\u00a0\u00bb tab_id=\u00a0\u00bb1614356161946-135ad406-15a6&Prime;][vc_column_text]<span class=\"vc_tta-title-text\" style=\"margin-left: 14px;\">L\u00c8VRES<\/span> <strong>7 \u20ac<\/strong><br \/>\n<span class=\"vc_tta-title-text\">AISSELLES<\/span> <strong>15 \u20ac<\/strong><br \/>\n<span class=\"vc_tta-title-text\">DEMI-BRAS &#8211; BRAS ENTIER<\/span> <strong>25 \u20ac &#8211; 35 \u20ac<\/strong><br \/>\n<span class=\"vc_tta-title-text\">FESSIER \/ PLI FESSIER<\/span> <strong>19 \u20ac \/ 6 \u20ac<\/strong><br \/>\n<span class=\"vc_tta-title-text\">MAILLOT <strong>4<\/strong><\/span><strong>5<\/strong><strong> \u20ac<\/strong><br \/>\n<span class=\"vc_tta-title-text\">MAILLOT INT\u00c9GRAL<\/span><strong> 55 \u20ac<\/strong><br \/>\n<span class=\"vc_tta-title-text\">DEMI-JAMBES AVEC GENOUX<\/span> <strong>39 \u20ac<\/strong><br \/>\n<span class=\"vc_tta-title-text\">CUISSES<\/span> <strong>55 \u20ac<\/strong><br \/>\n<span class=\"vc_tta-title-text\">JAMBE COMPL\u00c8TES<\/span><strong> 79 \u20ac<\/strong>[\/vc_column_text][\/vc_tta_section][vc_tta_section title=\u00a0\u00bb\u00c9PILATION \u00c0 LA CIRE POUR lui\u00a0\u00bb tab_id=\u00a0\u00bb1614356161969-6fd1d034-5f18&Prime;][vc_column_text]<span class=\"vc_tta-title-text\" style=\"margin-left: 14px;\">DEMI-BRAS \/ BRAS ENTIER<\/span> 35 \u20ac \/ 55 \u20ac<br \/>\n<span class=\"vc_tta-title-text\">FESSIER <\/span> 29 \u20ac<br \/>\n<span class=\"vc_tta-title-text\">PLI FESSIER <\/span> 10 \u20ac<br \/>\n<span class=\"vc_tta-title-text\">DOS <\/span>59 \u20ac<br \/>\n<span class=\"vc_tta-title-text\">TORSE <\/span> 25 \u20ac<br \/>\n<span class=\"vc_tta-title-text\">VENTRE <\/span>25 \u20ac[\/vc_column_text][\/vc_tta_section][\/vc_tta_accordion][\/vc_column][\/vc_row][vc_row][vc_column]<div class=\"templatera_shortcode\"><div class=\"vc_row wpb_row vc_row-fluid vc_custom_1613397672798 wpex-has-overlay\"><div class=\"wpb_column vc_column_container vc_col-sm-8\"><div class=\"vc_column-inner\"><div class=\"wpb_wrapper\">\n\t<div class=\"wpb_text_column wpb_content_element \" >\n\t\t<div class=\"wpb_wrapper\">\n\t\t\t<h2 style=\"font-size: 1.846em;\">Bons de cadeaux et abonnements<\/h2>\n\n\t\t<\/div>\n\t<\/div>\n\n\t<div class=\"wpb_text_column wpb_content_element \" >\n\t\t<div class=\"wpb_wrapper\">\n\t\t\t<h3><em>La r\u00e9gularit\u00e9 fait toute la diff\u00e9rence<\/em><\/h3>\n\n\t\t<\/div>\n\t<\/div>\n\n\t<div class=\"wpb_text_column wpb_content_element  vc_custom_1623773340572\" >\n\t\t<div class=\"wpb_wrapper\">\n\t\t\t<p>Offrez un soin \u00e0 vos biens aim\u00e9s &amp; des abonnements pour votre plaisir personnel<\/p>\n\n\t\t<\/div>\n\t<\/div>\n\n\t<div class=\"wpb_text_column wpb_content_element  vc_custom_1623774780033\" >\n\t\t<div class=\"wpb_wrapper\">\n\t\t\t<p><a class=\"vcex-button theme-button inline\" href=\"bons-de-cadeau-et-abonnements\/\"><span class=\"theme-button-inner\">Bons de cadeau &amp; Abo<\/span><\/a><\/p>\n\n\t\t<\/div>\n\t<\/div>\n<\/div><\/div><\/div><div class=\"wpb_column vc_column_container vc_col-sm-4\"><div class=\"vc_column-inner\"><div class=\"wpb_wrapper\">\n\t<div  class=\"wpb_single_image wpb_content_element vc_align_\">\n\t\t\n\t\t<figure class=\"wpb_wrapper vc_figure\">\n\t\t\t<div class=\"vc_single_image-wrapper   vc_box_border_grey\"><img loading=\"lazy\" decoding=\"async\" width=\"512\" height=\"768\" src=\"https:\/\/sana-beaute.de\/wp-content\/uploads\/2021\/05\/abonnement-massage-beauty-muenchen.jpg\" class=\"vc_single_image-img attachment-full\" alt=\"\" \/><\/div>\n\t\t<\/figure>\n\t<\/div>\n<\/div><\/div><\/div><div class=\"wpex-bg-overlay-wrap\"><span class=\"wpex-bg-overlay color\" style=\"background-color:#deefe6;\" data-style=\"background-color:#deefe6;\"><\/span><\/div><\/div><\/div><div class=\"templatera_shortcode\"><div class=\"vc_row wpb_row vc_row-fluid vc_custom_1622302998600 wpex-has-overlay\"><div class=\"wpb_column vc_column_container vc_col-sm-12\"><div class=\"vc_column-inner\"><div class=\"wpb_wrapper\">\n\t<div class=\"wpb_text_column wpb_content_element  vc_custom_1622302746433\" >\n\t\t<div class=\"wpb_wrapper\">\n\t\t\t<h2 style=\"font-size: 1.846em;\">Voici les offres mensuelles et promotions<\/h2>\n\n\t\t<\/div>\n\t<\/div>\n\n\t<div class=\"wpb_text_column wpb_content_element \" >\n\t\t<div class=\"wpb_wrapper\">\n\t\t\t<p class=\"western\">Nous envoyons un Newsletter mensuel, afin que vous puissiez b\u00e9n\u00e9ficiez de reductions.<\/p>\n\n\t\t<\/div>\n\t<\/div>\n\n\t<div class=\"wpb_text_column wpb_content_element  vc_custom_1622302765187\" >\n\t\t<div class=\"wpb_wrapper\">\n\t\t\t<p>Nous vous garantissons une extr\u00eame confidentilit\u00e9 et ne transmettons pas vos donn\u00e9es \u00e0 des tierces personnes.<\/p>\n\n\t\t<\/div>\n\t<\/div>\n\n<div class=\"wpcf7 no-js\" id=\"wpcf7-f1556-o1\" lang=\"de-DE\" dir=\"ltr\" data-wpcf7-id=\"1556\">\n<div class=\"screen-reader-response\"><p role=\"status\" aria-live=\"polite\" aria-atomic=\"true\"><\/p> <ul><\/ul><\/div>\n<form action=\"\/fr\/wp-json\/wp\/v2\/pages\/1585#wpcf7-f1556-o1\" method=\"post\" class=\"wpcf7-form init\" aria-label=\"Kontaktformular\" novalidate=\"novalidate\" data-status=\"init\">\n<fieldset class=\"hidden-fields-container\"><input type=\"hidden\" name=\"_wpcf7\" value=\"1556\" \/><input type=\"hidden\" name=\"_wpcf7_version\" value=\"6.1.5\" \/><input type=\"hidden\" name=\"_wpcf7_locale\" value=\"de_DE\" \/><input type=\"hidden\" name=\"_wpcf7_unit_tag\" value=\"wpcf7-f1556-o1\" \/><input type=\"hidden\" name=\"_wpcf7_container_post\" value=\"0\" \/><input type=\"hidden\" name=\"_wpcf7_posted_data_hash\" value=\"\" \/>\n<\/fieldset>\n<style>.noborder {border: none; padding: 0;}\n<\/style>\n<table>\n\t<tr>\n\t\t<td class=\"noborder\">\n\t\t\t<p><label>Votre Nom \/ Pr\u00e9nom <\/label>\n\t\t\t<\/p>\n\t\t<\/td>\n\t\t<td class=\"noborder\">\n\t\t\t<p><span class=\"wpcf7-form-control-wrap\" data-name=\"your-name\"><input size=\"40\" maxlength=\"400\" class=\"wpcf7-form-control wpcf7-text wpcf7-validates-as-required\" aria-required=\"true\" aria-invalid=\"false\" value=\"\" type=\"text\" name=\"your-name\" \/><\/span>\n\t\t\t<\/p>\n\t\t<\/td>\n\t<\/tr>\n\t<tr>\n\t\t<td class=\"noborder\">\n\t\t\t<p><label>Votre Adresse e-mail<\/label>\n\t\t\t<\/p>\n\t\t<\/td>\n\t\t<td class=\"noborder\">\n\t\t\t<p><span class=\"wpcf7-form-control-wrap\" data-name=\"your-email\"><input size=\"40\" maxlength=\"400\" class=\"wpcf7-form-control wpcf7-email wpcf7-validates-as-required wpcf7-text wpcf7-validates-as-email\" aria-required=\"true\" aria-invalid=\"false\" value=\"\" type=\"email\" name=\"your-email\" \/><\/span>\n\t\t\t<\/p>\n\t\t<\/td>\n\t<\/tr>\n<\/table>\n<p><span class=\"wpcf7-form-control-wrap\" data-name=\"acceptance-441\"><span class=\"wpcf7-form-control wpcf7-acceptance\"><span class=\"wpcf7-list-item\"><label><input type=\"checkbox\" name=\"acceptance-441\" value=\"1\" aria-invalid=\"false\" \/><span class=\"wpcf7-list-item-label\"><a href=\"#datenschutz\">Clause de confidentialit\u00e9<\/a> accept\u00e9e<\/span><\/label><\/span><\/span><\/span>\n<\/p>\n<div style=\"margin-top: 10px;\">\n\t<p><input class=\"wpcf7-form-control wpcf7-submit has-spinner\" type=\"submit\" value=\"Oui, je veux aussi \u00eatre impliqu\u00e9 !\" \/>\n\t<\/p>\n<\/div><div class=\"wpcf7-response-output\" aria-hidden=\"true\"><\/div>\n<\/form>\n<\/div>\n<\/div><\/div><\/div><div class=\"wpex-bg-overlay-wrap\"><span class=\"wpex-bg-overlay color\" style=\"background-color:#deeaf4;\" data-style=\"background-color:#deeaf4;\"><\/span><\/div><\/div><\/div>[\/vc_column][\/vc_row][vc_row][vc_column]<div class=\"templatera_shortcode\"><div class=\"vc_row wpb_row vc_row-fluid\"><div class=\"wpb_column vc_column_container vc_col-sm-12\"><div class=\"vc_column-inner\"><div class=\"wpb_wrapper\"><div class=\"theme-heading border-w-color vcex-module-heading vcex_image_carousel-heading\"><span class=\"text\">Parmi les autres produits que nous proposons<\/span><\/div><div class=\"vcex-module wpex-carousel wpex-carousel-images wpex-clr owl-carousel\" data-wpex-carousel=\"{&quot;nav&quot;:false,&quot;dots&quot;:true,&quot;autoplay&quot;:true,&quot;loop&quot;:true,&quot;center&quot;:false,&quot;smartSpeed&quot;:250,&quot;items&quot;:4,&quot;slideBy&quot;:1,&quot;autoplayTimeout&quot;:5000,&quot;margin&quot;:15,&quot;itemsTablet&quot;:3,&quot;itemsMobileLandscape&quot;:2,&quot;itemsMobilePortrait&quot;:1,&quot;autoWidth&quot;:false,&quot;autoHeight&quot;:false}\"><div class=\"wpex-carousel-slide\"><figure class=\"wpex-carousel-entry-media entry-media\"><img loading=\"lazy\" decoding=\"async\" data-no-lazy=\"1\" class=\"wpex-align-middle skip-lazy\" src=\"https:\/\/sana-beaute.de\/wp-content\/uploads\/2021\/02\/biovive-muenchen-500.jpg\" alt=\"\" width=\"500\" height=\"500\" \/><\/figure><\/div><div class=\"wpex-carousel-slide\"><figure class=\"wpex-carousel-entry-media entry-media\"><img loading=\"lazy\" decoding=\"async\" data-no-lazy=\"1\" class=\"wpex-align-middle skip-lazy\" src=\"https:\/\/sana-beaute.de\/wp-content\/uploads\/2021\/02\/cinques-mondes-muenchen.jpg\" alt=\"\" width=\"500\" height=\"500\" \/><\/figure><\/div><div class=\"wpex-carousel-slide\"><figure class=\"wpex-carousel-entry-media entry-media\"><img loading=\"lazy\" decoding=\"async\" data-no-lazy=\"1\" class=\"wpex-align-middle skip-lazy\" src=\"https:\/\/sana-beaute.de\/wp-content\/uploads\/2021\/02\/mesoestetic-muenchen.jpg\" alt=\"\" width=\"500\" height=\"500\" \/><\/figure><\/div><div class=\"wpex-carousel-slide\"><figure class=\"wpex-carousel-entry-media entry-media\"><img loading=\"lazy\" decoding=\"async\" data-no-lazy=\"1\" class=\"wpex-align-middle skip-lazy\" src=\"https:\/\/sana-beaute.de\/wp-content\/uploads\/2021\/02\/nougatine-paris-muenchen.jpg\" alt=\"\" width=\"500\" height=\"500\" \/><\/figure><\/div><div class=\"wpex-carousel-slide\"><figure class=\"wpex-carousel-entry-media entry-media\"><img loading=\"lazy\" decoding=\"async\" data-no-lazy=\"1\" class=\"wpex-align-middle skip-lazy\" src=\"https:\/\/sana-beaute.de\/wp-content\/uploads\/2021\/02\/perron-rigot-muenchen-1.jpg\" alt=\"\" width=\"500\" height=\"500\" \/><\/figure><\/div><div class=\"wpex-carousel-slide\"><figure class=\"wpex-carousel-entry-media entry-media\"><img loading=\"lazy\" decoding=\"async\" data-no-lazy=\"1\" class=\"wpex-align-middle skip-lazy\" src=\"https:\/\/sana-beaute.de\/wp-content\/uploads\/2021\/02\/sothys-muenchen-1.jpg\" alt=\"\" width=\"500\" height=\"500\" \/><\/figure><\/div><\/div><\/div><\/div><\/div><\/div><\/div>[\/vc_column][\/vc_row]\n","protected":false},"excerpt":{"rendered":"\u00c9pilationPour elle &amp; luiEnfin une peau lisse - POUR ELLE ET LUI Beaucoup de femme d\u00e9sire avoir une peau impeccable et lisse, et les hommes une peau qui n est pas irrit\u00e9e apr\u00e8s le rasage. Nous vous conseillons \u00e9galement pour&hellip;","protected":false},"author":1,"featured_media":0,"parent":0,"menu_order":0,"comment_status":"closed","ping_status":"closed","template":"templates\/no-sidebar.php","meta":{"footnotes":""},"class_list":["post-1585","page","type-page","status-publish","hentry","entry","no-media"],"_links":{"self":[{"href":"https:\/\/sana-beaute.de\/fr\/wp-json\/wp\/v2\/pages\/1585","targetHints":{"allow":["GET"]}}],"collection":[{"href":"https:\/\/sana-beaute.de\/fr\/wp-json\/wp\/v2\/pages"}],"about":[{"href":"https:\/\/sana-beaute.de\/fr\/wp-json\/wp\/v2\/types\/page"}],"author":[{"embeddable":true,"href":"https:\/\/sana-beaute.de\/fr\/wp-json\/wp\/v2\/users\/1"}],"replies":[{"embeddable":true,"href":"https:\/\/sana-beaute.de\/fr\/wp-json\/wp\/v2\/comments?post=1585"}],"version-history":[{"count":28,"href":"https:\/\/sana-beaute.de\/fr\/wp-json\/wp\/v2\/pages\/1585\/revisions"}],"predecessor-version":[{"id":2914,"href":"https:\/\/sana-beaute.de\/fr\/wp-json\/wp\/v2\/pages\/1585\/revisions\/2914"}],"wp:attachment":[{"href":"https:\/\/sana-beaute.de\/fr\/wp-json\/wp\/v2\/media?parent=1585"}],"curies":[{"name":"wp","href":"https:\/\/api.w.org\/{rel}","templated":true}]}}