{"id":1640,"date":"2021-01-29T17:20:43","date_gmt":"2021-01-29T16:20:43","guid":{"rendered":"https:\/\/www.9dk.de\/playground\/sana2\/gutscheine-und-abos\/"},"modified":"2026-03-09T11:50:26","modified_gmt":"2026-03-09T10:50:26","slug":"bons-de-cadeau-et-abonnements","status":"publish","type":"page","link":"https:\/\/sana-beaute.de\/fr\/bons-de-cadeau-et-abonnements\/","title":{"rendered":"Bons de cadeau et abonnements"},"content":{"rendered":"[vc_row full_width=\u00a0\u00bbstretch_row_content_no_spaces\u00a0\u00bb][vc_column css=\u00a0\u00bb.vc_custom_1613400759569{margin-top: 20px !important;}\u00a0\u00bb]<div class=\"vcex-module vcex-image-banner wpex-relative wpex-overflow-hidden wpex-max-w-100 wpex-bg-gray-900 wpex-text-white wpex-float-center wpex-text-center ___header-banner-9dk\"  style=\"width:1920px;\"><span class=\"vcex-ib-img wpex-block wpex-z-1 wpex-transition-all wpex-duration-500 wpex-bg-cover wpex-absolute wpex-inset-0\" style=\"background-image:url(https:\/\/sana-beaute.de\/wp-content\/uploads\/2021\/02\/gutscheine-und-abos-beauty-spa-muenchen-schwabing.jpg);background-position:center center;\"><\/span><div class=\"vcex-ib-overlay wpex-absolute wpex-z-5 wpex-inset-0 wpex-transition-all wpex-duration-500\"><div class=\"vcex-ib-overlay-bg wpex-absolute wpex-inset-0 wpex-bg-black wpex-opacity-30\" style=\"background:#020202;opacity:.35;\"><\/div><\/div><div class=\"vcex-ib-content-wrap wpex-z-10 wpex-w-100 wpex-transition-all wpex-duration-500 wpex-relative wpex-clr\"><div class=\"vcex-ib-content wpex-mx-auto wpex-clr\"><h1 class=\"vcex-ib-title wpex-heading wpex-inherit-color-important\">Bon de cadeau et abonnements<\/h1><div class=\"vcex-ib-caption wpex-text-lg wpex-last-mb-0\">Pour vos bien aim\u00e9s &amp; vous m\u00eame<\/div><\/div><\/div><\/div>[\/vc_column][\/vc_row][vc_row][vc_column]<div class=\"vcex-module vcex-heading wpex-text-2xl wpex-font-normal wpex-m-auto wpex-max-w-100 vcex-heading-plain wpex-block wpex-mb-25 wpex-text-left\" style=\"color:#a07942;line-height:130%;\"><span class=\"vcex-heading-inner wpex-inline-block wpex-clr\">Des bons de cadeau qui font vraiment plaisir -<br \/>\nOffrez de la relaxation &amp; du bien-\u00eatre<\/span><\/div>[vc_column_text]Offrir de la reconnaissance et de l \u00b4affection \u00e0 une personne bien aim\u00e9e, est une veritable source de plaisir. Avez vous d\u00e9j\u00e0 une id\u00e9e pour un ou plusieurs soins ad\u00e9quats? Surprenez les avec un bon de cadeau de traitement chez sana beaut\u00e9 SPA ou laisser leur le choix.[\/vc_column_text][\/vc_column][\/vc_row][vc_row][vc_column]<div class=\"vcex-shortcode wpex-clr\">\n<div class=\"wpcf7 no-js\" id=\"wpcf7-f1650-o1\" lang=\"de-DE\" dir=\"ltr\" data-wpcf7-id=\"1650\">\n<div class=\"screen-reader-response\"><p role=\"status\" aria-live=\"polite\" aria-atomic=\"true\"><\/p> <ul><\/ul><\/div>\n<form action=\"\/fr\/wp-json\/wp\/v2\/pages\/1640#wpcf7-f1650-o1\" method=\"post\" class=\"wpcf7-form init\" aria-label=\"Kontaktformular\" novalidate=\"novalidate\" data-status=\"init\">\n<fieldset class=\"hidden-fields-container\"><input type=\"hidden\" name=\"_wpcf7\" value=\"1650\" \/><input type=\"hidden\" name=\"_wpcf7_version\" value=\"6.1.5\" \/><input type=\"hidden\" name=\"_wpcf7_locale\" value=\"de_DE\" \/><input type=\"hidden\" name=\"_wpcf7_unit_tag\" value=\"wpcf7-f1650-o1\" \/><input type=\"hidden\" name=\"_wpcf7_container_post\" value=\"0\" \/><input type=\"hidden\" name=\"_wpcf7_posted_data_hash\" value=\"\" \/>\n<\/fieldset>\n<style>.noborder {border: none; padding: 0; text-align:left;}\n<\/style>\n<table>\n\t<tr>\n\t\t<td class=\"noborder\">\n\t\t\t<p><label>Montant d\u00e9sir\u00e9 *<\/label>\n\t\t\t<\/p>\n\t\t<\/td>\n\t\t<td class=\"noborder\">\n\t\t\t<p><span class=\"wpcf7-form-control-wrap\" data-name=\"number-405\"><input class=\"wpcf7-form-control wpcf7-number wpcf7-validates-as-required wpcf7-validates-as-number\" aria-required=\"true\" aria-invalid=\"false\" value=\"\" type=\"number\" name=\"number-405\" \/><\/span> &nbsp; \u20ac\n\t\t\t<\/p>\n\t\t<\/td>\n\t<\/tr>\n\t<tr>\n\t\t<td class=\"noborder\">\n\t\t\t<p><label>Nombre de bon de cadeau *<\/label>\n\t\t\t<\/p>\n\t\t<\/td>\n\t\t<td class=\"noborder\">\n\t\t\t<p><span class=\"wpcf7-form-control-wrap\" data-name=\"number-406\"><input class=\"wpcf7-form-control wpcf7-number wpcf7-validates-as-required wpcf7-validates-as-number\" aria-required=\"true\" aria-invalid=\"false\" value=\"\" type=\"number\" name=\"number-406\" \/><\/span> &nbsp; Pi\u00e8ce\/s\n\t\t\t<\/p>\n\t\t<\/td>\n\t<\/tr>\n\t<tr>\n\t\t<td class=\"noborder\">\n\t\t\t<p><label>Cadeau attribu\u00e9 \u00e0<\/label>\n\t\t\t<\/p>\n\t\t<\/td>\n\t\t<td class=\"noborder\">\n\t\t\t<p><span class=\"wpcf7-form-control-wrap\" data-name=\"text-407\"><input size=\"40\" maxlength=\"400\" class=\"wpcf7-form-control wpcf7-text\" aria-invalid=\"false\" value=\"\" type=\"text\" name=\"text-407\" \/><\/span>\n\t\t\t<\/p>\n\t\t<\/td>\n\t<\/tr>\n\t<tr>\n\t\t<td class=\"noborder\">\n\t\t\t<p><label>Soin d\u00e9sir\u00e9<\/label>\n\t\t\t<\/p>\n\t\t<\/td>\n\t\t<td class=\"noborder\">\n\t\t\t<p><span class=\"wpcf7-form-control-wrap\" data-name=\"text-408\"><input size=\"40\" maxlength=\"400\" class=\"wpcf7-form-control wpcf7-text\" aria-invalid=\"false\" value=\"\" type=\"text\" name=\"text-408\" \/><\/span>\n\t\t\t<\/p>\n\t\t<\/td>\n\t<\/tr>\n\t<tr>\n\t\t<td class=\"noborder\">\n\t\t\t<p><label>Votre adresse e-mail *<\/label>\n\t\t\t<\/p>\n\t\t<\/td>\n\t\t<td class=\"noborder\">\n\t\t\t<p><span class=\"wpcf7-form-control-wrap\" data-name=\"your-email\"><input size=\"40\" maxlength=\"400\" class=\"wpcf7-form-control wpcf7-email wpcf7-validates-as-required wpcf7-text wpcf7-validates-as-email\" aria-required=\"true\" aria-invalid=\"false\" value=\"\" type=\"email\" name=\"your-email\" \/><\/span>\n\t\t\t<\/p>\n\t\t<\/td>\n\t<\/tr>\n\t<tr>\n\t\t<td class=\"noborder\">\n\t\t\t<p><label>Votre Pr\u00e9nom et Nom *<\/label>\n\t\t\t<\/p>\n\t\t<\/td>\n\t\t<td class=\"noborder\">\n\t\t\t<p><span class=\"wpcf7-form-control-wrap\" data-name=\"text-409\"><input size=\"40\" maxlength=\"400\" class=\"wpcf7-form-control wpcf7-text wpcf7-validates-as-required\" aria-required=\"true\" aria-invalid=\"false\" value=\"\" type=\"text\" name=\"text-409\" \/><\/span>\n\t\t\t<\/p>\n\t\t<\/td>\n\t<\/tr>\n\t<tr>\n\t\t<td class=\"noborder\">\n\t\t\t<p><label>Votre rue et le Nr *<\/label>\n\t\t\t<\/p>\n\t\t<\/td>\n\t\t<td class=\"noborder\">\n\t\t\t<p><span class=\"wpcf7-form-control-wrap\" data-name=\"text-410\"><input size=\"40\" maxlength=\"400\" class=\"wpcf7-form-control wpcf7-text wpcf7-validates-as-required\" aria-required=\"true\" aria-invalid=\"false\" value=\"\" type=\"text\" name=\"text-410\" \/><\/span>\n\t\t\t<\/p>\n\t\t<\/td>\n\t<\/tr>\n\t<tr>\n\t\t<td class=\"noborder\">\n\t\t\t<p><label>Votre code postal et ville *<\/label>\n\t\t\t<\/p>\n\t\t<\/td>\n\t\t<td class=\"noborder\">\n\t\t\t<p><span class=\"wpcf7-form-control-wrap\" data-name=\"text-411\"><input size=\"40\" maxlength=\"400\" class=\"wpcf7-form-control wpcf7-text wpcf7-validates-as-required\" aria-required=\"true\" aria-invalid=\"false\" value=\"\" type=\"text\" name=\"text-411\" \/><\/span>\n\t\t\t<\/p>\n\t\t<\/td>\n\t<\/tr>\n\t<tr>\n\t\t<td class=\"noborder\">\n\t\t\t<p><label>Votre Nr de t\u00e9l\u00e9phone\t<\/label>\n\t\t\t<\/p>\n\t\t<\/td>\n\t\t<td class=\"noborder\">\n\t\t\t<p><span class=\"wpcf7-form-control-wrap\" data-name=\"text-412\"><input size=\"40\" maxlength=\"400\" class=\"wpcf7-form-control wpcf7-text\" aria-invalid=\"false\" value=\"\" type=\"text\" name=\"text-412\" \/><\/span>\n\t\t\t<\/p>\n\t\t<\/td>\n\t<\/tr>\n\t<tr>\n\t\t<td class=\"noborder\">\n\t\t\t<p><label>Reception du bon de cadeau *<\/label>\n\t\t\t<\/p>\n\t\t<\/td>\n\t\t<td class=\"noborder\">\n\t\t\t<p><span class=\"wpcf7-form-control-wrap\" data-name=\"menu-85\"><select class=\"wpcf7-form-control wpcf7-select wpcf7-validates-as-required\" aria-required=\"true\" aria-invalid=\"false\" name=\"menu-85\"><option value=\"au SPA\">au SPA<\/option><option value=\"En PDF par e-mail\">En PDF par e-mail<\/option><option value=\"Envoi sous enveloppe (+ 1,55\u20ac de frais de port)\">Envoi sous enveloppe (+ 1,55\u20ac de frais de port)<\/option><\/select><\/span>\n\t\t\t<\/p>\n\t\t<\/td>\n\t<\/tr>\n\t<tr>\n\t\t<td class=\"noborder\">\n\t\t\t<p><span class=\"wpcf7-form-control-wrap\" data-name=\"acceptance-441\"><span class=\"wpcf7-form-control wpcf7-acceptance\"><span class=\"wpcf7-list-item\"><label><input type=\"checkbox\" name=\"acceptance-441\" value=\"1\" aria-invalid=\"false\" \/><span class=\"wpcf7-list-item-label\"><a href=\"..\/datenschutz\">Protection des donn\u00e9s accept\u00e9s<\/a> accepted<\/span><\/label><\/span><\/span><\/span>\n\t\t\t<\/p>\n\t\t<\/td>\n\t\t<td class=\"noborder\">\n\t\t<\/td>\n\t<\/tr>\n\t<tr>\n\t\t<td colspan=\"2\" class=\"noborder\">\n\t\t\t<p><input class=\"wpcf7-form-control wpcf7-submit has-spinner\" type=\"submit\" value=\"Demandez un bon maintenant\" \/>\n\t\t\t<\/p>\n\t\t<\/td>\n\t\t<td class=\"noborder\">\n\t\t<\/td>\n\t<\/tr>\n\t<tr>\n\t\t<td class=\"noborder\">\n\t\t\t<div style=\"font-size: small;\">\n\t\t\t\t<p>* champs obligatoires\n\t\t\t\t<\/p>\n\t\t\t<\/div>\n\t\t<\/td>\n\t\t<td class=\"noborder\">\n\t\t<\/td>\n\t<\/tr>\n<\/table><div class=\"wpcf7-response-output\" aria-hidden=\"true\"><\/div>\n<\/form>\n<\/div>\n<\/div>[\/vc_column][\/vc_row][vc_row][vc_column]<div class=\"vcex-module vcex-heading wpex-text-2xl wpex-font-normal wpex-m-auto wpex-max-w-100 vcex-heading-plain wpex-block wpex-mb-25 wpex-text-left\" style=\"line-height:130%;\"><span class=\"vcex-heading-inner wpex-inline-block wpex-clr\">Options de r\u00e8glement<\/span><\/div>[vc_column_text]Si vous souhaitez r\u00e9cup\u00e9rer le bon de cadeau au SPA, vous pourrez r\u00e9gler directement par carte EC ou en esp\u00e8ce. Si vous avez choisi l\u00b4option envoi postale ou par E-Mail, nous vous enverrons un Email avec les coordonn\u00e9es bancaires.<br \/>\nVous recevrez le bon de cadeau une fois le r\u00e8glement receptionn\u00e9.[\/vc_column_text][\/vc_column][\/vc_row][vc_row wpex_bg_overlay=\u00a0\u00bbcolor\u00a0\u00bb wpex_bg_overlay_color=\u00a0\u00bb#fceff2&Prime; css=\u00a0\u00bb.vc_custom_1612285116652{padding-top: 50px !important;padding-bottom: 15px !important;padding-left: 30px !important;}\u00a0\u00bb][vc_column width=\u00a0\u00bb2\/3&Prime;]<div class=\"vcex-module vcex-heading wpex-text-2xl wpex-font-normal wpex-m-auto wpex-max-w-100 vcex-heading-plain wpex-block\" data-wpex-rcss='{&quot;font-size&quot;:{&quot;d&quot;:&quot;4rem&quot;,&quot;tl&quot;:&quot;3rem&quot;,&quot;tp&quot;:&quot;3rem&quot;}}' style=\"font-family:Gilda Display local;\"><span class=\"vcex-heading-inner wpex-inline-block wpex-clr\">Abonnements (valable un an)<\/span><\/div>[vc_column_text css=\u00a0\u00bb.vc_custom_1622303780527{margin-bottom: 20px !important;}\u00a0\u00bb]\n<h3><em>La r\u00e9gularit\u00e9 fait toute la diff\u00e9rence<\/em><\/h3>\n<h3><em>\u00a0<\/em><\/h3>\n[\/vc_column_text][vc_column_text]Libre choix de soin Cinq Mondes et de tout type de massage.<\/p>\n<p><span style=\"color: #a07942;\"><strong>ADULTES:<\/strong><\/span><\/p>\n<p><strong>S\u00e9ances de massage du dos et de la nuque ou massage partiel:<\/strong><br \/>\n6 \u00d7 45 Min \u00bb seulement 424\u20ac (vous \u00e9conomisez 50\u20ac)<\/p>\n<p><strong>Soins flexibles:<br \/>\n<\/strong>6 \u00d7 50\/60 Min \u00bb seulement 636\u20ac (vous \u00e9conomisez 84\u20ac)<br \/>\n6 \u00d7 90 Min \u00bb seulement 780\u20ac pour les traitements jusqu&rsquo;\u00e0 maximum 145 \u20ac (vous \u00e9conomisez 90\u20ac)<\/p>\n<p>Possibilit\u00e9 de paiement suppl\u00e9mentaire pour d&rsquo;autres traitements<\/p>\n<p><span style=\"color: #a07942;\"><strong>ENFANTS:<\/strong><\/span><\/p>\n<p>6 \u00d7 30 Min \u00bb seulement 235 \u20ac (vous \u00e9conomisez 35 \u20ac)[\/vc_column_text][\/vc_column][vc_column width=\u00a0\u00bb1\/3&Prime;][vc_single_image image=\u00a0\u00bb1425&Prime;][\/vc_column][\/vc_row][vc_row][vc_column]<div class=\"vcex-spacing wpex-w-100 wpex-clear\" style=\"height:30px\"><\/div>[\/vc_column][\/vc_row][vc_row][vc_column]<div class=\"templatera_shortcode\"><div class=\"vc_row wpb_row vc_row-fluid\"><div class=\"wpb_column vc_column_container vc_col-sm-12\"><div class=\"vc_column-inner\"><div class=\"wpb_wrapper\"><div class=\"theme-heading border-w-color vcex-module-heading vcex_image_carousel-heading\"><span class=\"text\">Parmi les autres produits que nous proposons<\/span><\/div><div class=\"vcex-module wpex-carousel wpex-carousel-images wpex-clr owl-carousel\" data-wpex-carousel=\"{&quot;nav&quot;:false,&quot;dots&quot;:true,&quot;autoplay&quot;:true,&quot;loop&quot;:true,&quot;center&quot;:false,&quot;smartSpeed&quot;:250,&quot;items&quot;:4,&quot;slideBy&quot;:1,&quot;autoplayTimeout&quot;:5000,&quot;margin&quot;:15,&quot;itemsTablet&quot;:3,&quot;itemsMobileLandscape&quot;:2,&quot;itemsMobilePortrait&quot;:1,&quot;autoWidth&quot;:false,&quot;autoHeight&quot;:false}\"><div class=\"wpex-carousel-slide\"><figure class=\"wpex-carousel-entry-media entry-media\"><img loading=\"lazy\" decoding=\"async\" data-no-lazy=\"1\" class=\"wpex-align-middle skip-lazy\" src=\"https:\/\/sana-beaute.de\/wp-content\/uploads\/2021\/02\/biovive-muenchen-500.jpg\" alt=\"\" width=\"500\" height=\"500\" \/><\/figure><\/div><div class=\"wpex-carousel-slide\"><figure class=\"wpex-carousel-entry-media entry-media\"><img loading=\"lazy\" decoding=\"async\" data-no-lazy=\"1\" class=\"wpex-align-middle skip-lazy\" src=\"https:\/\/sana-beaute.de\/wp-content\/uploads\/2021\/02\/cinques-mondes-muenchen.jpg\" alt=\"\" width=\"500\" height=\"500\" \/><\/figure><\/div><div class=\"wpex-carousel-slide\"><figure class=\"wpex-carousel-entry-media entry-media\"><img loading=\"lazy\" decoding=\"async\" data-no-lazy=\"1\" class=\"wpex-align-middle skip-lazy\" src=\"https:\/\/sana-beaute.de\/wp-content\/uploads\/2021\/02\/mesoestetic-muenchen.jpg\" alt=\"\" width=\"500\" height=\"500\" \/><\/figure><\/div><div class=\"wpex-carousel-slide\"><figure class=\"wpex-carousel-entry-media entry-media\"><img loading=\"lazy\" decoding=\"async\" data-no-lazy=\"1\" class=\"wpex-align-middle skip-lazy\" src=\"https:\/\/sana-beaute.de\/wp-content\/uploads\/2021\/02\/nougatine-paris-muenchen.jpg\" alt=\"\" width=\"500\" height=\"500\" \/><\/figure><\/div><div class=\"wpex-carousel-slide\"><figure class=\"wpex-carousel-entry-media entry-media\"><img loading=\"lazy\" decoding=\"async\" data-no-lazy=\"1\" class=\"wpex-align-middle skip-lazy\" src=\"https:\/\/sana-beaute.de\/wp-content\/uploads\/2021\/02\/perron-rigot-muenchen-1.jpg\" alt=\"\" width=\"500\" height=\"500\" \/><\/figure><\/div><div class=\"wpex-carousel-slide\"><figure class=\"wpex-carousel-entry-media entry-media\"><img loading=\"lazy\" decoding=\"async\" data-no-lazy=\"1\" class=\"wpex-align-middle skip-lazy\" src=\"https:\/\/sana-beaute.de\/wp-content\/uploads\/2021\/02\/sothys-muenchen-1.jpg\" alt=\"\" width=\"500\" height=\"500\" \/><\/figure><\/div><\/div><\/div><\/div><\/div><\/div><\/div>[\/vc_column][\/vc_row]\n","protected":false},"excerpt":{"rendered":"Bon de cadeau et abonnementsPour vos bien aim\u00e9s &amp; vous m\u00eameDes bons de cadeau qui font vraiment plaisir - Offrez de la relaxation &amp; du bien-\u00eatre Offrir de la reconnaissance et de l \u00b4affection \u00e0 une personne bien aim\u00e9e, est&hellip;","protected":false},"author":1,"featured_media":0,"parent":0,"menu_order":0,"comment_status":"closed","ping_status":"closed","template":"templates\/no-sidebar.php","meta":{"footnotes":""},"class_list":["post-1640","page","type-page","status-publish","hentry","entry","no-media"],"_links":{"self":[{"href":"https:\/\/sana-beaute.de\/fr\/wp-json\/wp\/v2\/pages\/1640","targetHints":{"allow":["GET"]}}],"collection":[{"href":"https:\/\/sana-beaute.de\/fr\/wp-json\/wp\/v2\/pages"}],"about":[{"href":"https:\/\/sana-beaute.de\/fr\/wp-json\/wp\/v2\/types\/page"}],"author":[{"embeddable":true,"href":"https:\/\/sana-beaute.de\/fr\/wp-json\/wp\/v2\/users\/1"}],"replies":[{"embeddable":true,"href":"https:\/\/sana-beaute.de\/fr\/wp-json\/wp\/v2\/comments?post=1640"}],"version-history":[{"count":25,"href":"https:\/\/sana-beaute.de\/fr\/wp-json\/wp\/v2\/pages\/1640\/revisions"}],"predecessor-version":[{"id":2937,"href":"https:\/\/sana-beaute.de\/fr\/wp-json\/wp\/v2\/pages\/1640\/revisions\/2937"}],"wp:attachment":[{"href":"https:\/\/sana-beaute.de\/fr\/wp-json\/wp\/v2\/media?parent=1640"}],"curies":[{"name":"wp","href":"https:\/\/api.w.org\/{rel}","templated":true}]}}