{"id":1767,"date":"2021-06-29T17:21:07","date_gmt":"2021-06-29T15:21:07","guid":{"rendered":"https:\/\/www.9dk.de\/playground\/sana2\/?page_id=1767"},"modified":"2025-07-08T13:07:09","modified_gmt":"2025-07-08T11:07:09","slug":"politique-de-confidentialite","status":"publish","type":"page","link":"https:\/\/sana-beaute.de\/fr\/politique-de-confidentialite\/","title":{"rendered":"Politique de confidentialit\u00e9"},"content":{"rendered":"<p>&nbsp;<\/p>\n<p>&nbsp;<\/p>\n<p>&nbsp;<\/p>\n<p>&nbsp;<\/p>\n<p><strong>Informations g\u00e9n\u00e9rales<\/strong><br \/>\nLes avis suivants donnent un aper\u00e7u simple de ce qu&rsquo;il advient de vos donn\u00e9es personnelles lorsque vous visitez ce site web. Les donn\u00e9es personnelles sont toutes les donn\u00e9es qui permettent de vous identifier personnellement. Pour des informations plus d\u00e9taill\u00e9es sur la protection des donn\u00e9es, veuillez vous r\u00e9f\u00e9rer \u00e0 notre politique de confidentialit\u00e9 figurant en dessous de ce texte.<\/p>\n<p><strong>Collecte de donn\u00e9es sur ce site web<\/strong><br \/>\nQui est responsable de la collecte des donn\u00e9es sur ce site web ?<br \/>\nLe traitement des donn\u00e9es sur ce site web est effectu\u00e9 par l&rsquo;exploitant du site web. Vous trouverez ses coordonn\u00e9es dans la section \u00ab\u00a0Note sur le responsable\u00a0\u00bb de la pr\u00e9sente d\u00e9claration de protection des donn\u00e9es.<\/p>\n<p>Comment recueillons-nous vos donn\u00e9es ?<br \/>\nD&rsquo;une part, vos donn\u00e9es sont collect\u00e9es lorsque vous nous les fournissez. Il peut s&rsquo;agir, par exemple, des donn\u00e9es que vous saisissez dans un formulaire de contact.<\/p>\n<p>D&rsquo;autres donn\u00e9es sont collect\u00e9es automatiquement ou avec votre consentement par nos syst\u00e8mes informatiques lorsque vous visitez le site web. Il s&rsquo;agit principalement de donn\u00e9es techniques (par exemple, le navigateur Internet, le syst\u00e8me d&rsquo;exploitation ou le temps de consultation des pages). Ces donn\u00e9es sont collect\u00e9es automatiquement d\u00e8s que vous acc\u00e9dez \u00e0 ce site web.<\/p>\n<p>A quoi servent vos donn\u00e9es ?<br \/>\nUne partie des donn\u00e9es est collect\u00e9e afin d&rsquo;assurer la fourniture sans erreur du site web. D&rsquo;autres donn\u00e9es peuvent \u00eatre utilis\u00e9es pour analyser votre comportement d&rsquo;utilisateur.<\/p>\n<p>Quels sont vos droits concernant vos donn\u00e9es ?<br \/>\nVous avez le droit de recevoir gratuitement et \u00e0 tout moment des informations sur l&rsquo;origine, le destinataire et la finalit\u00e9 de vos donn\u00e9es personnelles stock\u00e9es. Vous avez \u00e9galement le droit de demander que ces donn\u00e9es soient corrig\u00e9es ou supprim\u00e9es. Si vous avez donn\u00e9 votre consentement au traitement des donn\u00e9es, vous pouvez r\u00e9voquer ce consentement \u00e0 tout moment pour l&rsquo;avenir. Vous avez \u00e9galement le droit de demander la restriction du traitement de vos donn\u00e9es personnelles dans certaines circonstances. En outre, vous avez le droit de d\u00e9poser une plainte aupr\u00e8s de l&rsquo;autorit\u00e9 de surveillance comp\u00e9tente.<\/p>\n<p>Vous pouvez nous contacter \u00e0 tout moment \u00e0 ce sujet et pour toute autre question relative \u00e0 la protection des donn\u00e9es.<\/p>\n<p>2 H\u00e9bergement et r\u00e9seaux de diffusion de contenu (CDN)<br \/>\nH\u00e9bergement externe<br \/>\nCe site web est h\u00e9berg\u00e9 par un fournisseur de services externe (h\u00e9bergeur). Les donn\u00e9es personnelles collect\u00e9es sur ce site sont stock\u00e9es sur les serveurs de l&rsquo;h\u00e9bergeur. Il peut s&rsquo;agir, entre autres, d&rsquo;adresses IP, de demandes de contact, de m\u00e9tadonn\u00e9es et de donn\u00e9es de communication, de donn\u00e9es contractuelles, de coordonn\u00e9es, de noms, d&rsquo;acc\u00e8s au site web et d&rsquo;autres donn\u00e9es g\u00e9n\u00e9r\u00e9es via un site web.<\/p>\n<p>L&rsquo;h\u00e9bergeur est utilis\u00e9 dans le but d&rsquo;ex\u00e9cuter le contrat avec nos clients potentiels et existants (Art. 6 para. 1 lit. b DSGVO) et dans l&rsquo;int\u00e9r\u00eat d&rsquo;une mise \u00e0 disposition s\u00fbre, rapide et efficace de notre offre en ligne par un prestataire professionnel (Art. 6 para. 1 lit. f DSGVO).<\/p>\n<p>Notre h\u00e9bergeur ne traitera vos donn\u00e9es que dans la mesure o\u00f9 cela est n\u00e9cessaire \u00e0 l&rsquo;accomplissement de ses obligations de service et suivra nos instructions en ce qui concerne ces donn\u00e9es.<\/p>\n<p>Nous utilisons l&rsquo;h\u00e9bergeur suivant :<\/p>\n[nom et adresse compl\u00e8te de l&rsquo;h\u00e9bergeur].<br \/>\n3 Notes g\u00e9n\u00e9rales et informations obligatoires<br \/>\nProtection des donn\u00e9es<br \/>\nLes op\u00e9rateurs de ces pages prennent tr\u00e8s au s\u00e9rieux la protection de vos donn\u00e9es personnelles. Nous traitons vos donn\u00e9es personnelles de mani\u00e8re confidentielle et conform\u00e9ment aux dispositions l\u00e9gales en mati\u00e8re de protection des donn\u00e9es ainsi qu&rsquo;\u00e0 la pr\u00e9sente d\u00e9claration de protection des donn\u00e9es.<\/p>\n<p>Lorsque vous utilisez ce site web, diverses donn\u00e9es personnelles sont collect\u00e9es. Les donn\u00e9es personnelles sont des donn\u00e9es qui permettent de vous identifier personnellement. La pr\u00e9sente politique de confidentialit\u00e9 explique quelles informations nous recueillons et comment nous les utilisons. Il explique \u00e9galement comment et dans quel but cela est fait.<\/p>\n<p>Nous attirons l&rsquo;attention sur le fait que la transmission de donn\u00e9es sur Internet (par exemple, lors de la communication par courrier \u00e9lectronique) peut pr\u00e9senter des failles de s\u00e9curit\u00e9. Une protection compl\u00e8te des donn\u00e9es contre l&rsquo;acc\u00e8s par des tiers n&rsquo;est pas possible.<\/p>\n<p>Note sur le bureau responsable<br \/>\nLe responsable du traitement des donn\u00e9es sur ce site web est :<\/p>\n<p>Saffina Bandali<br \/>\nsana beaut\u00e9 SPA<br \/>\nMarktstrasse 4<br \/>\n80802 Munich<\/p>\n<p>t\u00e9l\u00e9phone : 089 47 027\u00a0 843<br \/>\nCourriel : info@sana-beaute.de<\/p>\n<p>Le responsable du traitement est la personne physique ou morale qui, seule ou conjointement avec d&rsquo;autres, d\u00e9termine les finalit\u00e9s et les moyens du traitement des donn\u00e9es \u00e0 caract\u00e8re personnel (par exemple, noms, adresses \u00e9lectroniques, etc.).<\/p>\n<p>P\u00e9riode de stockage<br \/>\n\u00c0 moins qu&rsquo;une p\u00e9riode de stockage plus sp\u00e9cifique n&rsquo;ait \u00e9t\u00e9 sp\u00e9cifi\u00e9e dans la pr\u00e9sente d\u00e9claration de protection des donn\u00e9es, vos donn\u00e9es personnelles resteront chez nous jusqu&rsquo;\u00e0 ce que la finalit\u00e9 du traitement des donn\u00e9es ne soit plus applicable. Si vous faites valoir une demande justifi\u00e9e de suppression ou r\u00e9voquez votre consentement au traitement des donn\u00e9es, vos donn\u00e9es seront supprim\u00e9es, \u00e0 moins que nous n&rsquo;ayons d&rsquo;autres raisons l\u00e9galement admissibles de conserver vos donn\u00e9es personnelles (par exemple, des p\u00e9riodes de conservation en vertu du droit fiscal ou commercial) ; dans ce dernier cas, les donn\u00e9es seront supprim\u00e9es.<\/p>\n<p>R\u00e9vocation de votre consentement au traitement des donn\u00e9es<br \/>\nDe nombreuses op\u00e9rations de traitement des donn\u00e9es ne sont possibles qu&rsquo;avec votre consentement expr\u00e8s. Vous pouvez \u00e0 tout moment r\u00e9voquer le consentement que vous avez d\u00e9j\u00e0 donn\u00e9. La l\u00e9galit\u00e9 du traitement des donn\u00e9es effectu\u00e9 jusqu&rsquo;\u00e0 la r\u00e9vocation n&rsquo;est pas affect\u00e9e par la r\u00e9vocation.<\/p>\n<p>Droit d&rsquo;opposition \u00e0 la collecte de donn\u00e9es dans des cas particuliers et au marketing direct (art. 21 DSGVO)<br \/>\nSI LE TRAITEMENT DES DONN\u00c9ES EST EFFECTU\u00c9 SUR LA BASE DE L&rsquo;ART. 6 ABS. 1 LIT. E OU F DSGVO, VOUS AVEZ LE DROIT DE VOUS OPPOSER \u00c0 TOUT MOMENT AU TRAITEMENT DE VOS DONN\u00c9ES PERSONNELLES POUR DES RAISONS D\u00c9COULANT DE VOTRE SITUATION PARTICULI\u00c8RE ; CECI S&rsquo;APPLIQUE \u00c9GALEMENT AU PROFILAGE BAS\u00c9 SUR CES DISPOSITIONS. LA BASE JURIDIQUE RESPECTIVE SUR LAQUELLE LE TRAITEMENT EST FOND\u00c9 SE TROUVE DANS LA PR\u00c9SENTE D\u00c9CLARATION DE PROTECTION DES DONN\u00c9ES. SI VOUS VOUS Y OPPOSEZ, NOUS NE TRAITERONS PLUS VOS DONN\u00c9ES \u00c0 CARACT\u00c8RE PERSONNEL, \u00c0 MOINS QUE NOUS NE PUISSIONS D\u00c9MONTRER DES MOTIFS L\u00c9GITIMES IMP\u00c9RIEUX POUR LE TRAITEMENT QUI PR\u00c9VALENT SUR VOS INT\u00c9R\u00caTS, DROITS ET LIBERT\u00c9S, OU QUE LE TRAITEMENT SOIT DESTIN\u00c9 \u00c0 FAIRE VALOIR, EXERCER OU D\u00c9FENDRE DES DROITS L\u00c9GAUX (OBJECTION EN VERTU DE L&rsquo;ARTICLE 21(1) DSGVO).<\/p>\n<p>SI VOS DONN\u00c9ES PERSONNELLES SONT TRAIT\u00c9ES \u00c0 DES FINS DE MARKETING DIRECT, VOUS AVEZ LE DROIT DE VOUS OPPOSER \u00c0 TOUT MOMENT AU TRAITEMENT DES DONN\u00c9ES PERSONNELLES VOUS CONCERNANT \u00c0 DES FINS DE MARKETING DIRECT ; CECI S&rsquo;APPLIQUE \u00c9GALEMENT AU PROFILAGE DANS LA MESURE O\u00d9 IL EST LI\u00c9 \u00c0 CE MARKETING DIRECT. SI VOUS VOUS Y OPPOSEZ, VOS DONN\u00c9ES PERSONNELLES NE SERONT PLUS UTILIS\u00c9ES \u00c0 DES FINS DE MARKETING DIRECT (OPPOSITION CONFORM\u00c9MENT \u00c0 L&rsquo;ARTICLE 21, PARAGRAPHE 2, DE LA LOI ALLEMANDE SUR LA PROTECTION DES DONN\u00c9ES).<\/p>\n<p>Droit de recours aupr\u00e8s de l&rsquo;autorit\u00e9 de surveillance comp\u00e9tente<br \/>\nEn cas de violation du GDPR, les personnes concern\u00e9es ont un droit de recours aupr\u00e8s d&rsquo;une autorit\u00e9 de contr\u00f4le, notamment dans l&rsquo;\u00c9tat membre de leur r\u00e9sidence habituelle, de leur lieu de travail ou du lieu de la violation pr\u00e9sum\u00e9e. Le droit de recours est sans pr\u00e9judice de tout autre recours administratif ou judiciaire.<\/p>\n<p>Droit \u00e0 la portabilit\u00e9 des donn\u00e9es<br \/>\nVous avez le droit d&rsquo;obtenir que les donn\u00e9es que nous traitons automatiquement sur la base de votre consentement ou en ex\u00e9cution d&rsquo;un contrat vous soient remises ou soient remises \u00e0 un tiers dans un format commun lisible par machine. Si vous demandez le transfert direct des donn\u00e9es \u00e0 une autre partie responsable, cela ne sera fait que dans la mesure o\u00f9 cela est techniquement possible.<\/p>\n<p>Cryptage SSL ou TLS<br \/>\nCe site utilise le cryptage SSL ou TLS pour des raisons de s\u00e9curit\u00e9 et pour prot\u00e9ger la transmission de contenus confidentiels, tels que les commandes ou les demandes que vous nous envoyez en tant qu&rsquo;op\u00e9rateur du site. Vous pouvez reconna\u00eetre une connexion crypt\u00e9e par le fait que la ligne d&rsquo;adresse du navigateur passe de \u00ab\u00a0http:\/\/\u00a0\u00bb \u00e0 \u00ab\u00a0https:\/\/\u00a0\u00bb et par le symbole du cadenas dans la ligne de votre navigateur.<\/p>\n<p>Si le cryptage SSL ou TLS est activ\u00e9, les donn\u00e9es que vous nous transmettez ne peuvent pas \u00eatre lues par des tiers.<\/p>\n<p>Information, suppression et correction<br \/>\nDans le cadre des dispositions l\u00e9gales applicables, vous avez \u00e0 tout moment le droit d&rsquo;obtenir gratuitement des informations sur vos donn\u00e9es personnelles stock\u00e9es, leur origine et leur destinataire ainsi que sur la finalit\u00e9 du traitement des donn\u00e9es et, si n\u00e9cessaire, un droit de rectification ou de suppression de ces donn\u00e9es. \u00c0 cette fin, ainsi que pour toute autre question sur le th\u00e8me des donn\u00e9es personnelles, vous pouvez nous contacter \u00e0 tout moment.<\/p>\n<p>Droit \u00e0 la limitation du traitement<br \/>\nVous avez le droit de demander la restriction du traitement de vos donn\u00e9es personnelles. \u00c0 cette fin, vous pouvez nous contacter \u00e0 tout moment. Le droit \u00e0 la limitation du traitement existe dans les cas suivants :<\/p>\n<p>Si vous contestez l&rsquo;exactitude de vos donn\u00e9es personnelles stock\u00e9es par nos soins, nous avons g\u00e9n\u00e9ralement besoin de temps pour les v\u00e9rifier. Pendant la dur\u00e9e de l&rsquo;examen, vous avez le droit de demander la restriction du traitement de vos donn\u00e9es personnelles.<br \/>\nSi le traitement de vos donn\u00e9es personnelles s&rsquo;est d\u00e9roul\u00e9\/se d\u00e9roule de mani\u00e8re ill\u00e9gale, vous pouvez demander la restriction du traitement des donn\u00e9es au lieu de l&rsquo;effacement.<br \/>\nSi nous n&rsquo;avons plus besoin de vos donn\u00e9es personnelles, mais que vous en avez besoin pour exercer, d\u00e9fendre ou faire valoir des droits l\u00e9gaux, vous avez le droit de demander la restriction du traitement de vos donn\u00e9es personnelles au lieu de leur effacement.<br \/>\nSi vous avez introduit une objection en vertu de l&rsquo;article 21, paragraphe 1, de la DSGVO, une mise en balance de vos int\u00e9r\u00eats et des n\u00f4tres doit \u00eatre effectu\u00e9e. Tant qu&rsquo;il n&rsquo;a pas encore \u00e9t\u00e9 d\u00e9termin\u00e9 quels int\u00e9r\u00eats pr\u00e9valent, vous avez le droit de demander la restriction du traitement de vos donn\u00e9es personnelles.<br \/>\nSi vous avez restreint le traitement de vos donn\u00e9es personnelles, ces donn\u00e9es &#8211; hormis leur conservation &#8211; ne peuvent \u00eatre utilis\u00e9es qu&rsquo;avec votre consentement ou pour faire valoir, exercer ou distribuer vos droits.<\/p>\n<p>4. la collecte de donn\u00e9es sur ce site web<br \/>\nCookies<br \/>\nNos pages Internet utilisent des \u00ab\u00a0cookies\u00a0\u00bb. Les cookies sont de petits fichiers texte et ne causent aucun dommage \u00e0 votre terminal. Ils sont stock\u00e9s soit temporairement pour la dur\u00e9e d&rsquo;une session (cookies de session), soit de mani\u00e8re permanente (cookies permanents) sur votre appareil final. Les cookies de session sont automatiquement supprim\u00e9s \u00e0 la fin de votre visite. Les cookies permanents restent stock\u00e9s sur votre dispositif terminal jusqu&rsquo;\u00e0 ce que vous les supprimiez vous-m\u00eame ou qu&rsquo;ils soient automatiquement supprim\u00e9s par votre navigateur web.<\/p>\n<p>Dans certains cas, des cookies de soci\u00e9t\u00e9s tierces peuvent \u00e9galement \u00eatre stock\u00e9s sur votre dispositif terminal lorsque vous entrez sur notre site (cookies tiers). Ceux-ci nous permettent ou vous permettent d&rsquo;utiliser certains services de la soci\u00e9t\u00e9 tierce (par exemple, les cookies pour le traitement des services de paiement).<\/p>\n<p>Les cookies ont plusieurs fonctions. De nombreux cookies sont techniquement n\u00e9cessaires, car certaines fonctions du site web ne fonctionneraient pas sans eux (par exemple, la fonction panier d&rsquo;achat ou l&rsquo;affichage de vid\u00e9os). D&rsquo;autres cookies sont utilis\u00e9s pour \u00e9valuer le comportement des utilisateurs ou pour afficher des publicit\u00e9s.<\/p>\n<p>Les cookies n\u00e9cessaires \u00e0 l&rsquo;ex\u00e9cution du processus de communication \u00e9lectronique (cookies n\u00e9cessaires) ou \u00e0 la fourniture de certaines fonctions que vous avez demand\u00e9es (cookies fonctionnels, par exemple pour la fonction de panier d&rsquo;achat) ou \u00e0 l&rsquo;optimisation du site web (par exemple les cookies de mesure de l&rsquo;audience web) sont stock\u00e9s sur la base de l&rsquo;art. 6 (1) lit. f DSGVO, sauf si une autre base juridique est sp\u00e9cifi\u00e9e. L&rsquo;exploitant du site web a un int\u00e9r\u00eat l\u00e9gitime \u00e0 stocker des cookies pour la fourniture techniquement sans erreur et optimis\u00e9e de ses services. Dans la mesure o\u00f9 le consentement au stockage des cookies a \u00e9t\u00e9 demand\u00e9, le stockage des cookies en question est fond\u00e9 exclusivement sur ce consentement (art. 6 alin\u00e9a 1 lit. a DSGVO) ; le consentement peut \u00eatre r\u00e9voqu\u00e9 \u00e0 tout moment.<\/p>\n<p>Vous pouvez configurer votre navigateur de mani\u00e8re \u00e0 \u00eatre inform\u00e9 de la mise en place de cookies et \u00e0 n&rsquo;autoriser les cookies que dans des cas particuliers, \u00e0 exclure l&rsquo;acceptation de cookies pour certains cas ou en g\u00e9n\u00e9ral et \u00e0 activer la suppression automatique des cookies \u00e0 la fermeture du navigateur. Si vous d\u00e9sactivez les cookies, la fonctionnalit\u00e9 de ce site web peut \u00eatre limit\u00e9e.<\/p>\n<p>Dans la mesure o\u00f9 des cookies sont utilis\u00e9s par des entreprises tierces ou \u00e0 des fins d&rsquo;analyse, nous vous en informerons s\u00e9par\u00e9ment dans le cadre de la pr\u00e9sente d\u00e9claration de protection des donn\u00e9es et, si n\u00e9cessaire, nous vous demanderons votre consentement.<\/p>\n<p>Fichiers journaux du serveur<br \/>\nLe fournisseur des pages collecte et stocke automatiquement des informations dans ce que l&rsquo;on appelle des fichiers journaux de serveur, que votre navigateur nous transmet automatiquement. Ce sont :<\/p>\n<p>le type de navigateur et la version du navigateur<br \/>\nSyst\u00e8me d&rsquo;exploitation utilis\u00e9<br \/>\nURL de r\u00e9f\u00e9rence<br \/>\nNom d&rsquo;h\u00f4te de l&rsquo;ordinateur d&rsquo;acc\u00e8s<br \/>\nHeure de la demande du serveur<br \/>\nAdresse IP<br \/>\nCes donn\u00e9es ne sont pas fusionn\u00e9es avec d&rsquo;autres sources de donn\u00e9es.<\/p>\n<p>La collecte de ces donn\u00e9es est fond\u00e9e sur l&rsquo;article 6, paragraphe 1, lettre f, de la DSGVO. L&rsquo;exploitant du site web a un int\u00e9r\u00eat l\u00e9gitime \u00e0 ce que son site web soit pr\u00e9sent\u00e9 sans erreur technique et optimis\u00e9 &#8211; \u00e0 cette fin, les fichiers journaux du serveur doivent \u00eatre enregistr\u00e9s.<\/p>\n<p>Demande de renseignements par e-mail, t\u00e9l\u00e9phone ou fax<br \/>\nSi vous nous contactez par e-mail, t\u00e9l\u00e9phone ou fax, votre demande, y compris toutes les donn\u00e9es personnelles qui en r\u00e9sultent (nom, demande), sera stock\u00e9e et trait\u00e9e par nous dans le but de traiter votre demande. Nous ne transmettons pas ces donn\u00e9es sans votre consentement.<\/p>\n<p>Le traitement de ces donn\u00e9es est fond\u00e9 sur l&rsquo;art. 6 (1) lit. b DSGVO, si votre demande est li\u00e9e \u00e0 l&rsquo;ex\u00e9cution d&rsquo;un contrat ou est n\u00e9cessaire \u00e0 l&rsquo;ex\u00e9cution de mesures pr\u00e9contractuelles. Dans tous les autres cas, le traitement est fond\u00e9 sur notre int\u00e9r\u00eat l\u00e9gitime \u00e0 traiter efficacement les demandes qui nous sont adress\u00e9es (art. 6, paragraphe 1, point f) DSGVO) ou sur votre consentement (art. 6, paragraphe 1, point a) DSGVO) si celui-ci a \u00e9t\u00e9 demand\u00e9.<\/p>\n<p>Les donn\u00e9es que vous nous envoyez par le biais de demandes de contact resteront chez nous jusqu&rsquo;\u00e0 ce que vous nous demandiez de les supprimer, que vous r\u00e9voquiez votre consentement \u00e0 leur stockage ou que la finalit\u00e9 du stockage des donn\u00e9es ne soit plus applicable (par exemple, apr\u00e8s le traitement de votre demande). Les dispositions l\u00e9gales obligatoires &#8211; en particulier les p\u00e9riodes de conservation l\u00e9gale &#8211; ne sont pas affect\u00e9es.<\/p>\n<p>5. Bulletin d&rsquo;information<br \/>\nDonn\u00e9es de la newsletter<br \/>\nSi vous souhaitez recevoir la newsletter propos\u00e9e sur le site web, nous avons besoin d&rsquo;une adresse e-mail de votre part ainsi que d&rsquo;informations nous permettant de v\u00e9rifier que vous \u00eates le propri\u00e9taire de l&rsquo;adresse e-mail fournie et que vous acceptez de recevoir la newsletter. D&rsquo;autres donn\u00e9es ne seront pas collect\u00e9es ou ne le seront que sur une base volontaire. Nous utilisons ces donn\u00e9es exclusivement pour envoyer les informations demand\u00e9es et ne les transmettons pas \u00e0 des tiers.<\/p>\n<p>Le traitement des donn\u00e9es saisies dans le formulaire d&rsquo;inscription \u00e0 la newsletter se fonde exclusivement sur votre consentement (art. 6 al. 1 lit. a DSGVO). Vous pouvez \u00e0 tout moment r\u00e9voquer votre consentement \u00e0 la conservation des donn\u00e9es, de l&rsquo;adresse \u00e9lectronique et de leur utilisation pour l&rsquo;envoi de la newsletter, par exemple via le lien \u00ab\u00a0d\u00e9sinscription\u00a0\u00bb de la newsletter. La l\u00e9galit\u00e9 des traitements de donn\u00e9es d\u00e9j\u00e0 effectu\u00e9s n&rsquo;est pas affect\u00e9e par la r\u00e9vocation.<\/p>\n<p>Les donn\u00e9es que vous nous fournissez dans le but de recevoir la lettre d&rsquo;information seront stock\u00e9es par nous ou par le fournisseur de services de la lettre d&rsquo;information jusqu&rsquo;\u00e0 ce que vous vous d\u00e9sinscriviez de la lettre d&rsquo;information et seront supprim\u00e9es de la liste de distribution de la lettre d&rsquo;information apr\u00e8s votre d\u00e9sinscription de la lettre d&rsquo;information ou apr\u00e8s que l&rsquo;objectif ait cess\u00e9 d&rsquo;exister. Nous nous r\u00e9servons le droit de supprimer ou de bloquer les adresses e-mail de notre liste de distribution de la newsletter \u00e0 notre propre discr\u00e9tion dans le cadre de notre int\u00e9r\u00eat l\u00e9gitime conform\u00e9ment \u00e0 l&rsquo;art. 6 (1) lit. f DSGVO.<\/p>\n<p>Apr\u00e8s votre d\u00e9sinscription de la liste de distribution de la lettre d&rsquo;information, votre adresse \u00e9lectronique sera stock\u00e9e par nous ou par le fournisseur de services de la lettre d&rsquo;information dans une liste noire, si n\u00e9cessaire, afin d&#8217;emp\u00eacher de futurs envois. Les donn\u00e9es de la liste noire ne seront utilis\u00e9es qu&rsquo;\u00e0 cette fin et ne seront pas fusionn\u00e9es avec d&rsquo;autres donn\u00e9es. Cela sert \u00e0 la fois votre int\u00e9r\u00eat et notre int\u00e9r\u00eat \u00e0 respecter les exigences l\u00e9gales pour l&rsquo;envoi de bulletins d&rsquo;information (int\u00e9r\u00eat l\u00e9gitime au sens de l&rsquo;article 6, paragraphe 1, f DSGVO). Le stockage dans la liste noire n&rsquo;est pas limit\u00e9 dans le temps. Vous pouvez vous opposer au stockage si vos int\u00e9r\u00eats l&#8217;emportent sur notre int\u00e9r\u00eat l\u00e9gitime.<\/p>\n<p>6. plugins et outils<br \/>\nGoogle Web Fonts (h\u00e9bergement local)<br \/>\nCe site utilise des polices Web fournies par Google pour l&rsquo;affichage uniforme des polices. Les polices Google sont install\u00e9es localement. La connexion aux serveurs de Google n&rsquo;a pas lieu.<\/p>\n<p>Vous trouverez de plus amples informations sur Google Web Fonts \u00e0 l&rsquo;adresse https:\/\/developers.google.com\/fonts\/faq et dans les r\u00e8gles de confidentialit\u00e9 de Google : https:\/\/policies.google.com\/privacy?hl=de.<\/p>\n<p>Traduit avec www.DeepL.com\/Translator (version gratuite)<\/p>\n<p>&nbsp;<\/p>\n","protected":false},"excerpt":{"rendered":"<p>&nbsp; &nbsp; &nbsp; &nbsp; Informations g\u00e9n\u00e9rales Les avis suivants donnent un aper\u00e7u simple de ce qu&rsquo;il advient de vos donn\u00e9es personnelles lorsque vous visitez ce site web. Les donn\u00e9es personnelles sont toutes les donn\u00e9es qui permettent de vous identifier personnellement.&hellip;<\/p>\n","protected":false},"author":1,"featured_media":0,"parent":0,"menu_order":0,"comment_status":"closed","ping_status":"open","template":"templates\/no-sidebar.php","meta":{"footnotes":""},"class_list":["post-1767","page","type-page","status-publish","hentry","entry","no-media"],"_links":{"self":[{"href":"https:\/\/sana-beaute.de\/fr\/wp-json\/wp\/v2\/pages\/1767","targetHints":{"allow":["GET"]}}],"collection":[{"href":"https:\/\/sana-beaute.de\/fr\/wp-json\/wp\/v2\/pages"}],"about":[{"href":"https:\/\/sana-beaute.de\/fr\/wp-json\/wp\/v2\/types\/page"}],"author":[{"embeddable":true,"href":"https:\/\/sana-beaute.de\/fr\/wp-json\/wp\/v2\/users\/1"}],"replies":[{"embeddable":true,"href":"https:\/\/sana-beaute.de\/fr\/wp-json\/wp\/v2\/comments?post=1767"}],"version-history":[{"count":5,"href":"https:\/\/sana-beaute.de\/fr\/wp-json\/wp\/v2\/pages\/1767\/revisions"}],"predecessor-version":[{"id":2860,"href":"https:\/\/sana-beaute.de\/fr\/wp-json\/wp\/v2\/pages\/1767\/revisions\/2860"}],"wp:attachment":[{"href":"https:\/\/sana-beaute.de\/fr\/wp-json\/wp\/v2\/media?parent=1767"}],"curies":[{"name":"wp","href":"https:\/\/api.w.org\/{rel}","templated":true}]}}