{"id":1960,"date":"2021-08-05T16:29:29","date_gmt":"2021-08-05T14:29:29","guid":{"rendered":"http:\/\/sana-beaute.com\/?page_id=1960"},"modified":"2025-06-03T16:39:08","modified_gmt":"2025-06-03T14:39:08","slug":"start-kopieren","status":"publish","type":"page","link":"https:\/\/sana-beaute.de\/fr\/","title":{"rendered":"Start"},"content":{"rendered":"[vc_row full_width=\u00a0\u00bbstretch_row\u00a0\u00bb css=\u00a0\u00bb.vc_custom_1626279940315{padding-top: 50px !important;padding-bottom: 30px !important;background-color: #f6f6f6 !important;}\u00a0\u00bb][vc_column][vc_column_text]\n<h3><strong>Nos offres du mois d&rsquo; ao\u00fbt:<\/strong><\/h3>\n<p>&nbsp;<\/p>\n<h1><em>Visage\u00a0<\/em><\/h1>\n<p><span class=\"vc_tta-title-text\">Soin exclusif pour Homme de Sothys\u00a0<\/span><\/p>\n<p><span class=\"vc_tta-title-text\"> (60 Min.)<\/span><\/p>\n<p>109\u20ac <del>119\u20ac<\/del><\/p>\n<p>~~~<\/p>\n<h1><em>Corps<\/em><\/h1>\n<p>Manicure avec vernis, incluant massage de la t\u00eate et de la nuque \u00a0(80 Min.)<\/p>\n<p>80\u20ac <del>94\u20ac<\/del><\/p>\n<p>~~~<\/p>\n<h1><em>Wellness<a href=\"https:\/\/sana-beaute.de\/spa\/#1614706777828-aa3bc9fe-b425\"><br \/>\n<\/a><\/em><\/h1>\n<p><span class=\"vc_tta-title-text\">Rituel Ayurv\u00e9dique\u00a0<\/span><span class=\"vc_tta-title-text\"> (90 Min.)<\/span><\/p>\n<p>139\u20ac <del>152\u20ac<\/del><\/p>\n<p>Entspannende Orientalische Ganzk\u00f6rpermassage, Balinesisches Ritual ( Express Gesichtsbehandlung), und Fu\u00dfreflexmassage<\/p>\n<p>208\u20ac <del>226\u20ac<\/del><\/p>\n<p>~~~[\/vc_column_text]<div class=\"vcex-spacing wpex-w-100 wpex-clear\" style=\"height:20px\"><\/div><div class=\"vcex-spacing wpex-w-100 wpex-clear\" style=\"height:30px\"><\/div><div class=\"textcenter theme-button-wrap wpex-clr\"><a href=\"https:\/\/www.studiobookr.com\/fr\/sana-beaute-spa-60182#\/\" title=\"Jetzt Termin vereinbaren\" class=\"vcex-button theme-button flat blue align-center inline  wpb_animate_when_almost_visible wpb_fadeInDown fadeInDown\" target=\"_blank\" style=\"background:#a5c9d6;font-size:16px;font-weight:400;border-radius:30px;\" rel=\"noopener noreferrer\"><span class=\"theme-button-inner\">Prenez un rende-vous maintenant<span class=\"vcex-icon-wrap theme-button-icon-right\"><span class=\"ticon ticon-chevron-right\" aria-hidden=\"true\"><\/span><\/span><\/span><\/a><\/div> [\/vc_column][\/vc_row][vc_row full_width=\u00a0\u00bbstretch_row_content_no_spaces\u00a0\u00bb parallax=\u00a0\u00bbcontent-moving\u00a0\u00bb parallax_image=\u00a0\u00bb1109&Prime; wpex_bg_overlay=\u00a0\u00bbdark\u00a0\u00bb css=\u00a0\u00bb.vc_custom_1614099666085{padding-top: 150px !important;padding-bottom: 150px !important;background-position: 0 0;background-repeat:-repeat;}\u00a0\u00bb wpex_bg_overlay_color=\u00a0\u00bb#020202&Prime; wpex_bg_overlay_opacity=\u00a0\u00bb0.35&Prime;][vc_column width=\u00a0\u00bb1\/4&Prime;]<div class=\"vcex-module vcex-milestone wpex-text-center wpex-clr\"><div class=\"vcex-milestone-inner wpex-inline-block\"><div class=\"vcex-milestone-desc\"><div class=\"vcex-milestone-number wpex-leading-none wpex-font-semibold\" style=\"color:#ffffff;font-size:60px;font-family:Gilda Display local;\"><span class=\"vcex-milestone-time vcex-countup\" data-options=\"{&quot;startVal&quot;:0,&quot;endVal&quot;:11,&quot;duration&quot;:2.5,&quot;decimals&quot;:0,&quot;separator&quot;:&quot;,&quot;,&quot;decimal&quot;:&quot;.&quot;}\">0<\/span><\/div><div class=\"vcex-milestone-caption wpex-mt-5 wpex-font-light\" style=\"color:#ffffff;font-size:18px;\">Ans d\u00b4entreprise<\/div><\/div><\/div><\/div>[\/vc_column][vc_column width=\u00a0\u00bb1\/4&Prime;]<div class=\"vcex-module vcex-milestone wpex-text-center wpex-clr\"><div class=\"vcex-milestone-inner wpex-inline-block\"><div class=\"vcex-milestone-desc\"><div class=\"vcex-milestone-number wpex-leading-none wpex-font-semibold\" style=\"color:#ffffff;font-size:60px;font-family:Gilda Display local;\"><span class=\"vcex-milestone-time vcex-countup\" data-options=\"{&quot;startVal&quot;:0,&quot;endVal&quot;:5,&quot;duration&quot;:2.5,&quot;decimals&quot;:0,&quot;separator&quot;:&quot;,&quot;,&quot;decimal&quot;:&quot;.&quot;}\">0<\/span><\/div><div class=\"vcex-milestone-caption wpex-mt-5 wpex-font-light\" style=\"color:#ffffff;font-size:18px;\">Cabines de soins<\/div><\/div><\/div><\/div>[\/vc_column][vc_column width=\u00a0\u00bb1\/4&Prime;]<div class=\"vcex-module vcex-milestone wpex-text-center wpex-clr\"><div class=\"vcex-milestone-inner wpex-inline-block\"><div class=\"vcex-milestone-desc\"><div class=\"vcex-milestone-number wpex-leading-none wpex-font-semibold\" style=\"color:#ffffff;font-size:60px;font-family:Roboto Slab;\"><span class=\"vcex-milestone-time vcex-countup\" data-options=\"{&quot;startVal&quot;:0,&quot;endVal&quot;:137,&quot;duration&quot;:2.5,&quot;decimals&quot;:0,&quot;separator&quot;:&quot;,&quot;,&quot;decimal&quot;:&quot;.&quot;}\">0<\/span><\/div><div class=\"vcex-milestone-caption wpex-mt-5 wpex-font-light\" style=\"color:#ffffff;font-size:18px;\">Produits de qualit\u00e9<\/div><\/div><\/div><\/div>[\/vc_column][vc_column width=\u00a0\u00bb1\/4&Prime;]<div class=\"vcex-module vcex-milestone wpex-text-center wpex-clr\"><div class=\"vcex-milestone-inner wpex-inline-block\"><div class=\"vcex-milestone-desc\"><div class=\"vcex-milestone-number wpex-leading-none wpex-font-semibold\" style=\"color:#ffffff;font-size:60px;font-family:Roboto Slab;\"><span class=\"vcex-milestone-time vcex-countup\" data-options=\"{&quot;startVal&quot;:0,&quot;endVal&quot;:2,&quot;duration&quot;:2.5,&quot;decimals&quot;:0,&quot;separator&quot;:&quot;,&quot;,&quot;decimal&quot;:&quot;.&quot;}\">0<\/span><\/div><div class=\"vcex-milestone-caption wpex-mt-5 wpex-font-light\" style=\"color:#ffffff;font-size:18px;\">Soins en parall\u00e8le<\/div><\/div><\/div><\/div>[\/vc_column][\/vc_row][vc_row visibility=\u00a0\u00bbhidden\u00a0\u00bb][vc_column][vc_separator color=\u00a0\u00bbcustom\u00a0\u00bb accent_color=\u00a0\u00bb#a07942&Prime;][\/vc_column][\/vc_row][vc_row visibility=\u00a0\u00bbhidden\u00a0\u00bb][vc_column]<h2 class=\"vcex-module vcex-heading wpex-text-2xl wpex-font-normal wpex-m-auto wpex-max-w-100 vcex-heading-plain wpex-block wpex-mb-30 wpex-text-center\" style=\"color:#9fbfca;font-family:Gilda Display local;font-size:40px;font-weight:400;\"><span class=\"vcex-heading-inner wpex-inline-block wpex-clr\">Votre \u00e9quipe Beauty SPA \u00e0 Munich Schwabing<\/span><\/h2><div class=\"vcex-module vcex-staff-grid-wrap clr\"><div class=\"wpex-row vcex-staff-grid entries wpex-clr match-height-grid\"><div class=\"staff-entry vcex-grid-item span_1_of_2 textleft col col-1 post-103 entry type-staff has-media\"><div class=\"staff-entry-inner entry-inner wpex-first-mt-0 wpex-last-mb-0 wpex-clr\"><div class=\"staff-entry-media entry-media wpex-mb-20\"><img decoding=\"async\" loading=\"lazy\" class=\"staff-entry-media-img staff-entry-img wpex-align-middle wpex-align-middle\" src=\"https:\/\/sana-beaute.de\/wp-content\/uploads\/2021\/01\/saffina-bandali-600.jpg\" alt=\"Saffina Bandali\" width=\"600\" height=\"600\" \/><\/div><div class=\"staff-entry-details entry-details wpex-first-mt-0 wpex-last-mb-0 wpex-clr\"><div class=\"match-height-content\"><h2 class=\"staff-entry-title entry-title wpex-mb-5 wpex-child-inherit-color\" style=\"font-size:26px;color:#9fbfca;\">Saffina Bandali<\/h2><div class=\"staff-entry-excerpt entry-excerpt wpex-my-15 wpex-last-mb-0 wpex-clr\"><p>Lorem ipsum dolor sit amet, consectetur adipiscing elit. Proin pulvinar nisl enim, eget dignissim felis posuere in. Ut suscipit et mi facilisis posuere.<\/p><\/div><\/div><\/div><\/div><\/div><\/div><\/div>[\/vc_column][\/vc_row][vc_row wpex_bg_overlay=\u00a0\u00bbcolor\u00a0\u00bb wpex_bg_overlay_color=\u00a0\u00bb#f7f4eb\u00a0\u00bb css=\u00a0\u00bb.vc_custom_1612539964675{margin-top: 50px !important;margin-right: 0px !important;margin-bottom: 50px !important;margin-left: 0px !important;padding-top: 20px !important;padding-right: 20px !important;padding-left: 20px !important;}\u00a0\u00bb][vc_column][vc_single_image image=\u00a0\u00bb1149&Prime; img_size=\u00a0\u00bb\u00a0\u00bb css_animation=\u00a0\u00bbnone\u00a0\u00bb alignment=\u00a0\u00bbcenter\u00a0\u00bb][vc_column_text css=\u00a0\u00bb.vc_custom_1628176665634{margin-bottom: 25px !important;}\u00a0\u00bb]\n<h2 style=\"font-size: 1.846em;\">Le saviez vous d\u00e9j\u00e0?<\/h2>\n[\/vc_column_text][vc_column_text css=\u00a0\u00bb.vc_custom_1628176682458{margin-bottom: 25px !important;}\u00a0\u00bb]\n<h3>Nous donnons la plus grande importance \u00e0 l\u00b4usage respectueux des ressources naturelles.<\/h3>\n[\/vc_column_text][vc_column_text css=\u00a0\u00bb.vc_custom_1628176708190{margin-bottom: 25px !important;}\u00a0\u00bb]<a class=\"vcex-button theme-button inline\" href=\"philosophie\"><span class=\"theme-button-inner\">En savoir plus sur la philosophie<\/span><\/a>[\/vc_column_text][\/vc_column][\/vc_row][vc_row wpex_bg_overlay=\u00a0\u00bbcolor\u00a0\u00bb wpex_bg_overlay_color=\u00a0\u00bb#deefe6&Prime; css=\u00a0\u00bb.vc_custom_1628178014112{margin-right: 0px !important;margin-bottom: 50px !important;margin-left: 0px !important;padding-top: 20px !important;padding-right: 20px !important;padding-left: 20px !important;}\u00a0\u00bb][vc_column width=\u00a0\u00bb2\/3&Prime;][vc_column_text]\n<h2 style=\"font-size: 1.846em;\">Bons de cadeaux et abonnements<\/h2>\n[\/vc_column_text][vc_column_text]\n<h3><em>La r\u00e9gularit\u00e9 fait toute la diff\u00e9rence<\/em><\/h3>\n<h3><em>\u00a0<\/em><\/h3>\n[\/vc_column_text][vc_column_text css=\u00a0\u00bb.vc_custom_1628176764683{margin-bottom: 25px !important;padding-top: 10px !important;}\u00a0\u00bb]Offrez un soin \u00e0 vos biens aim\u00e9s &amp; des abonnements pour votre plaisir personnel[\/vc_column_text][vc_column_text css=\u00a0\u00bb.vc_custom_1628176784990{margin-bottom: 25px !important;}\u00a0\u00bb]<a class=\"vcex-button theme-button inline\" href=\"bons-de-cadeau-et-abonnements\/\"><span class=\"theme-button-inner\">Bons de cadeau &amp; Abo<\/span><\/a>[\/vc_column_text][\/vc_column][vc_column width=\u00a0\u00bb1\/3&Prime;][vc_single_image image=\u00a0\u00bb1259&Prime;][\/vc_column][\/vc_row][vc_row wpex_bg_overlay=\u00a0\u00bbcolor\u00a0\u00bb wpex_bg_overlay_color=\u00a0\u00bb#deeaf4&Prime; css=\u00a0\u00bb.vc_custom_1628178040005{margin-right: 0px !important;margin-bottom: 50px !important;margin-left: 0px !important;padding-top: 20px !important;padding-right: 20px !important;padding-bottom: 20px !important;padding-left: 20px !important;}\u00a0\u00bb][vc_column][vc_column_text css=\u00a0\u00bb.vc_custom_1628176801714{margin-bottom: 25px !important;}\u00a0\u00bb]\n<h2 style=\"font-size: 1.846em;\">Voici les offres mensuelles et promotions<\/h2>\n[\/vc_column_text][vc_column_text]\n<p class=\"western\">Nous envoyons un Newsletter mensuel, afin que vous puissiez b\u00e9n\u00e9ficiez de reductions.<\/p>\n<p class=\"western\"><span style=\"font-family: Arial, sans-serif;\"><span lang=\"en-US\">\u00a0<\/span><\/span><\/p>\n[\/vc_column_text][vc_column_text css=\u00a0\u00bb.vc_custom_1628176832259{margin-bottom: 25px !important;}\u00a0\u00bb]Nous vous garantissons une extr\u00eame confidentilit\u00e9 et ne transmettons pas vos donn\u00e9es \u00e0 des tierces personnes.[\/vc_column_text]\n<div class=\"wpcf7 no-js\" id=\"wpcf7-f1556-o1\" lang=\"de-DE\" dir=\"ltr\" data-wpcf7-id=\"1556\">\n<div class=\"screen-reader-response\"><p role=\"status\" aria-live=\"polite\" aria-atomic=\"true\"><\/p> <ul><\/ul><\/div>\n<form action=\"\/fr\/wp-json\/wp\/v2\/pages\/1960#wpcf7-f1556-o1\" method=\"post\" class=\"wpcf7-form init\" aria-label=\"Kontaktformular\" novalidate=\"novalidate\" data-status=\"init\">\n<fieldset class=\"hidden-fields-container\"><input type=\"hidden\" name=\"_wpcf7\" value=\"1556\" \/><input type=\"hidden\" name=\"_wpcf7_version\" value=\"6.1.5\" \/><input type=\"hidden\" name=\"_wpcf7_locale\" value=\"de_DE\" \/><input type=\"hidden\" name=\"_wpcf7_unit_tag\" value=\"wpcf7-f1556-o1\" \/><input type=\"hidden\" name=\"_wpcf7_container_post\" value=\"0\" \/><input type=\"hidden\" name=\"_wpcf7_posted_data_hash\" value=\"\" \/>\n<\/fieldset>\n<style>.noborder {border: none; padding: 0;}\n<\/style>\n<table>\n\t<tr>\n\t\t<td class=\"noborder\">\n\t\t\t<p><label>Votre Nom \/ Pr\u00e9nom <\/label>\n\t\t\t<\/p>\n\t\t<\/td>\n\t\t<td class=\"noborder\">\n\t\t\t<p><span class=\"wpcf7-form-control-wrap\" data-name=\"your-name\"><input size=\"40\" maxlength=\"400\" class=\"wpcf7-form-control wpcf7-text wpcf7-validates-as-required\" aria-required=\"true\" aria-invalid=\"false\" value=\"\" type=\"text\" name=\"your-name\" \/><\/span>\n\t\t\t<\/p>\n\t\t<\/td>\n\t<\/tr>\n\t<tr>\n\t\t<td class=\"noborder\">\n\t\t\t<p><label>Votre Adresse e-mail<\/label>\n\t\t\t<\/p>\n\t\t<\/td>\n\t\t<td class=\"noborder\">\n\t\t\t<p><span class=\"wpcf7-form-control-wrap\" data-name=\"your-email\"><input size=\"40\" maxlength=\"400\" class=\"wpcf7-form-control wpcf7-email wpcf7-validates-as-required wpcf7-text wpcf7-validates-as-email\" aria-required=\"true\" aria-invalid=\"false\" value=\"\" type=\"email\" name=\"your-email\" \/><\/span>\n\t\t\t<\/p>\n\t\t<\/td>\n\t<\/tr>\n<\/table>\n<p><span class=\"wpcf7-form-control-wrap\" data-name=\"acceptance-441\"><span class=\"wpcf7-form-control wpcf7-acceptance\"><span class=\"wpcf7-list-item\"><label><input type=\"checkbox\" name=\"acceptance-441\" value=\"1\" aria-invalid=\"false\" \/><span class=\"wpcf7-list-item-label\"><a href=\"#datenschutz\">Clause de confidentialit\u00e9<\/a> accept\u00e9e<\/span><\/label><\/span><\/span><\/span>\n<\/p>\n<div style=\"margin-top: 10px;\">\n\t<p><input class=\"wpcf7-form-control wpcf7-submit has-spinner\" type=\"submit\" value=\"Oui, je veux aussi \u00eatre impliqu\u00e9 !\" \/>\n\t<\/p>\n<\/div><div class=\"wpcf7-response-output\" aria-hidden=\"true\"><\/div>\n<\/form>\n<\/div>\n[\/vc_column][\/vc_row][vc_row][vc_column]<div class=\"theme-heading border-w-color vcex-module-heading vcex_image_carousel-heading\"><span class=\"text\">Parmi les autres produits que nous prposans<\/span><\/div><div class=\"vcex-module wpex-carousel wpex-carousel-images wpex-clr owl-carousel\" data-wpex-carousel=\"{&quot;nav&quot;:false,&quot;dots&quot;:true,&quot;autoplay&quot;:true,&quot;loop&quot;:true,&quot;center&quot;:false,&quot;smartSpeed&quot;:250,&quot;items&quot;:4,&quot;slideBy&quot;:1,&quot;autoplayTimeout&quot;:5000,&quot;margin&quot;:15,&quot;itemsTablet&quot;:3,&quot;itemsMobileLandscape&quot;:2,&quot;itemsMobilePortrait&quot;:1,&quot;autoWidth&quot;:false,&quot;autoHeight&quot;:false}\"><div class=\"wpex-carousel-slide\"><figure class=\"wpex-carousel-entry-media entry-media\"><img loading=\"lazy\" decoding=\"async\" data-no-lazy=\"1\" class=\"wpex-align-middle skip-lazy\" src=\"https:\/\/sana-beaute.de\/wp-content\/uploads\/2021\/02\/cinques-mondes-muenchen.jpg\" alt=\"\" width=\"500\" height=\"500\" \/><\/figure><\/div><div class=\"wpex-carousel-slide\"><figure class=\"wpex-carousel-entry-media entry-media\"><img loading=\"lazy\" decoding=\"async\" data-no-lazy=\"1\" class=\"wpex-align-middle skip-lazy\" src=\"https:\/\/sana-beaute.de\/wp-content\/uploads\/2021\/02\/mesoestetic-muenchen.jpg\" alt=\"\" width=\"500\" height=\"500\" \/><\/figure><\/div><div class=\"wpex-carousel-slide\"><figure class=\"wpex-carousel-entry-media entry-media\"><img loading=\"lazy\" decoding=\"async\" data-no-lazy=\"1\" class=\"wpex-align-middle skip-lazy\" src=\"https:\/\/sana-beaute.de\/wp-content\/uploads\/2021\/02\/nougatine-paris-muenchen.jpg\" alt=\"\" width=\"500\" height=\"500\" \/><\/figure><\/div><div class=\"wpex-carousel-slide\"><figure class=\"wpex-carousel-entry-media entry-media\"><img loading=\"lazy\" decoding=\"async\" data-no-lazy=\"1\" class=\"wpex-align-middle skip-lazy\" src=\"https:\/\/sana-beaute.de\/wp-content\/uploads\/2021\/02\/perron-rigot-muenchen-1.jpg\" alt=\"\" width=\"500\" height=\"500\" \/><\/figure><\/div><div class=\"wpex-carousel-slide\"><figure class=\"wpex-carousel-entry-media entry-media\"><img loading=\"lazy\" decoding=\"async\" data-no-lazy=\"1\" class=\"wpex-align-middle skip-lazy\" src=\"https:\/\/sana-beaute.de\/wp-content\/uploads\/2021\/02\/sothys-muenchen-1.jpg\" alt=\"\" width=\"500\" height=\"500\" \/><\/figure><\/div><\/div>[\/vc_column][\/vc_row]\n","protected":false},"excerpt":{"rendered":"<p>[vc_row full_width=\u00a0\u00bbstretch_row\u00a0\u00bb css=\u00a0\u00bb.vc_custom_1626279940315{padding-top: 50px !important;padding-bottom: 30px !important;background-color: #f6f6f6 !important;}\u00a0\u00bb][vc_column][vc_column_text] Nos offres du mois d&rsquo; ao\u00fbt: &nbsp; Visage\u00a0 Soin exclusif pour Homme de Sothys\u00a0 (60 Min.) 109\u20ac 119\u20ac ~~~ Corps Manicure avec vernis, incluant massage de la t\u00eate et de la&hellip;<\/p>\n","protected":false},"author":1,"featured_media":0,"parent":0,"menu_order":0,"comment_status":"closed","ping_status":"closed","template":"","meta":{"footnotes":""},"class_list":["post-1960","page","type-page","status-publish","hentry","entry","no-media"],"_links":{"self":[{"href":"https:\/\/sana-beaute.de\/fr\/wp-json\/wp\/v2\/pages\/1960","targetHints":{"allow":["GET"]}}],"collection":[{"href":"https:\/\/sana-beaute.de\/fr\/wp-json\/wp\/v2\/pages"}],"about":[{"href":"https:\/\/sana-beaute.de\/fr\/wp-json\/wp\/v2\/types\/page"}],"author":[{"embeddable":true,"href":"https:\/\/sana-beaute.de\/fr\/wp-json\/wp\/v2\/users\/1"}],"replies":[{"embeddable":true,"href":"https:\/\/sana-beaute.de\/fr\/wp-json\/wp\/v2\/comments?post=1960"}],"version-history":[{"count":42,"href":"https:\/\/sana-beaute.de\/fr\/wp-json\/wp\/v2\/pages\/1960\/revisions"}],"predecessor-version":[{"id":2831,"href":"https:\/\/sana-beaute.de\/fr\/wp-json\/wp\/v2\/pages\/1960\/revisions\/2831"}],"wp:attachment":[{"href":"https:\/\/sana-beaute.de\/fr\/wp-json\/wp\/v2\/media?parent=1960"}],"curies":[{"name":"wp","href":"https:\/\/api.w.org\/{rel}","templated":true}]}}